{"id":517,"date":"2024-08-14T20:21:24","date_gmt":"2024-08-14T18:21:24","guid":{"rendered":"https:\/\/www.kunst-galerie-waldviertel.at\/wordpress\/?page_id=517"},"modified":"2025-01-17T14:22:40","modified_gmt":"2025-01-17T13:22:40","slug":"kunst-gefluester","status":"publish","type":"page","link":"https:\/\/www.kunst-galerie-waldviertel.at\/wordpress\/kunst-gefluester\/","title":{"rendered":"KUNST.GEFL\u00dcSTER"},"content":{"rendered":"<p>[et_pb_section fb_built=&#8220;1&#8243; custom_padding_last_edited=&#8220;off|desktop&#8220; admin_label=&#8220;Header&#8220; _builder_version=&#8220;4.16&#8243; background_color_gradient_direction=&#8220;188deg&#8220; background_image=&#8220;https:\/\/www.kunst-galerie-waldviertel.at\/wordpress\/wp-content\/uploads\/2024\/08\/art-gallery-55.jpg&#8220; background_size=&#8220;initial&#8220; background_repeat=&#8220;repeat&#8220; width=&#8220;100%&#8220; custom_padding_tablet=&#8220;5vw||5vw||true&#8220; global_colors_info=&#8220;{}&#8220;][et_pb_row column_structure=&#8220;1_2,1_2&#8243; custom_padding_last_edited=&#8220;off|phone&#8220; _builder_version=&#8220;4.16&#8243; background_position=&#8220;bottom_center&#8220; custom_padding_tablet=&#8220;17vw||17vw||false&#8220; use_custom_width=&#8220;on&#8220; width_unit=&#8220;off&#8220; custom_width_percent=&#8220;100%&#8220; locked=&#8220;off&#8220; global_colors_info=&#8220;{}&#8220;][et_pb_column type=&#8220;1_2&#8243; _builder_version=&#8220;4.27.0&#8243; _module_preset=&#8220;default&#8220; global_colors_info=&#8220;{}&#8220;][et_pb_text _builder_version=&#8220;4.27.0&#8243; text_font=&#8220;||||||||&#8220; header_font=&#8220;||||||||&#8220; header_text_color=&#8220;#f800b0&#8243; header_font_size=&#8220;31px&#8220; header_2_font=&#8220;Prata|500|||||||&#8220; header_2_text_align=&#8220;left&#8220; header_2_font_size=&#8220;44px&#8220; header_2_line_height=&#8220;1.3em&#8220; transform_translate_linked=&#8220;off&#8220; max_width=&#8220;100%&#8220; max_width_tablet=&#8220;70%&#8220; max_width_last_edited=&#8220;off|phone&#8220; custom_padding=&#8220;29px|||||&#8220; header_2_font_size_tablet=&#8220;40px&#8220; header_2_font_size_phone=&#8220;26px&#8220; header_2_font_size_last_edited=&#8220;on|desktop&#8220; global_colors_info=&#8220;{}&#8220;]<\/p>\n<h2><span style=\"color: #f800b0;\">\u00a0KUNST.GEFL\u00dcSTER<\/span><\/h2>\n<p>&nbsp;<\/p>\n<p>[\/et_pb_text][\/et_pb_column][et_pb_column type=&#8220;1_2&#8243; _builder_version=&#8220;4.16&#8243; custom_padding=&#8220;|||&#8220; global_colors_info=&#8220;{}&#8220; custom_padding__hover=&#8220;|||&#8220;][\/et_pb_column][\/et_pb_row][et_pb_row _builder_version=&#8220;4.27.0&#8243; _module_preset=&#8220;default&#8220; global_colors_info=&#8220;{}&#8220;][et_pb_column type=&#8220;4_4&#8243; _builder_version=&#8220;4.27.0&#8243; _module_preset=&#8220;default&#8220; global_colors_info=&#8220;{}&#8220;][et_pb_text _builder_version=&#8220;4.27.0&#8243; _module_preset=&#8220;default&#8220; text_font_size=&#8220;16px&#8220; global_colors_info=&#8220;{}&#8220;]<\/p>\n<div class=\"et_pb_column et_pb_column_4_4 et_pb_column_0  et_pb_css_mix_blend_mode_passthrough et-last-child\">\n<div class=\"et_pb_module et_pb_text et_pb_text_0  et_pb_text_align_left et_pb_bg_layout_light\">\n<div class=\"et_pb_text_inner\">\n<p>KUNST.GEFL\u00dcSTER ist eine inspirierende und tiefgr\u00fcndige Interviewreihe, die sich darauf konzentriert die kreativen Prozesse, Gedankenwelten und Lebenswege von K\u00fcnstlerInnen zu erkunden. Jede Episode bietet eine intime Begegnung mit einem\/r K\u00fcnstlerIn, die ihre einzigartige Perspektive und Erfahrung teilt.<\/p>\n<\/div>\n<\/div>\n<\/div>\n<p>[\/et_pb_text][\/et_pb_column][\/et_pb_row][et_pb_row column_structure=&#8220;1_2,1_2&#8243; _builder_version=&#8220;4.16&#8243; global_colors_info=&#8220;{}&#8220;][et_pb_column type=&#8220;1_2&#8243; _builder_version=&#8220;4.27.0&#8243; _module_preset=&#8220;default&#8220; global_colors_info=&#8220;{}&#8220;][et_pb_video src=&#8220;https:\/\/youtu.be\/sF7c8fZ8Uhw?si=yy1Bs6W1UEJtnq_u&#8220; admin_label=&#8220;KUNST.GEFL\u00dcSTER mit Mag. art. Lydia Wassner-Hauser, Episode 1 (19.5.24)&#8220; _builder_version=&#8220;4.27.0&#8243; _module_preset=&#8220;default&#8220; custom_padding=&#8220;||0px|||&#8220; global_colors_info=&#8220;{}&#8220;][\/et_pb_video][\/et_pb_column][et_pb_column type=&#8220;1_2&#8243; _builder_version=&#8220;4.16&#8243; custom_padding=&#8220;|||&#8220; global_colors_info=&#8220;{}&#8220; custom_padding__hover=&#8220;|||&#8220;][et_pb_text _builder_version=&#8220;4.27.0&#8243; _module_preset=&#8220;default&#8220; global_colors_info=&#8220;{}&#8220;]<\/p>\n<p><strong>KUNST.GEFL\u00dcSTER mit Mag. art. Lydia Wassner-Hauser, Episode 1 (19.5.24)<\/strong><\/p>\n<p>[\/et_pb_text][\/et_pb_column][\/et_pb_row][et_pb_row column_structure=&#8220;1_2,1_2&#8243; _builder_version=&#8220;4.16&#8243; global_colors_info=&#8220;{}&#8220;][et_pb_column type=&#8220;1_2&#8243; _builder_version=&#8220;4.27.0&#8243; _module_preset=&#8220;default&#8220; global_colors_info=&#8220;{}&#8220;][et_pb_video src=&#8220;https:\/\/youtu.be\/Q91aVRR39V4?si=ETOSDXm91BRwGugV&#8220; admin_label=&#8220;KUNST.GEFL\u00dcSTER mit Mag. art. Lydia Wassner-Hauser, Episode 1 (19.5.24)&#8220; _builder_version=&#8220;4.27.0&#8243; _module_preset=&#8220;default&#8220; custom_padding=&#8220;||0px|||&#8220; global_colors_info=&#8220;{}&#8220;][\/et_pb_video][\/et_pb_column][et_pb_column type=&#8220;1_2&#8243; _builder_version=&#8220;4.16&#8243; custom_padding=&#8220;|||&#8220; global_colors_info=&#8220;{}&#8220; custom_padding__hover=&#8220;|||&#8220;][et_pb_text _builder_version=&#8220;4.27.0&#8243; _module_preset=&#8220;default&#8220; global_colors_info=&#8220;{}&#8220;]<\/p>\n<p><strong>KUNST.GEFL\u00dcSTER mit Monika Herschberger, Episode 2 (24.5.24)<\/strong><\/p>\n<p>[\/et_pb_text][\/et_pb_column][\/et_pb_row][et_pb_row column_structure=&#8220;1_2,1_2&#8243; _builder_version=&#8220;4.16&#8243; global_colors_info=&#8220;{}&#8220;][et_pb_column type=&#8220;1_2&#8243; _builder_version=&#8220;4.27.0&#8243; _module_preset=&#8220;default&#8220; global_colors_info=&#8220;{}&#8220;][et_pb_video src=&#8220;https:\/\/youtu.be\/ZKyyqYwuIzU?si=B9lA3sCKu_fuuWcC&#8220; admin_label=&#8220;KUNST.GEFL\u00dcSTER mit Mag. art. Lydia Wassner-Hauser, Episode 1 (19.5.24)&#8220; _builder_version=&#8220;4.27.0&#8243; _module_preset=&#8220;default&#8220; custom_padding=&#8220;||0px|||&#8220; global_colors_info=&#8220;{}&#8220;][\/et_pb_video][\/et_pb_column][et_pb_column type=&#8220;1_2&#8243; _builder_version=&#8220;4.16&#8243; custom_padding=&#8220;|||&#8220; global_colors_info=&#8220;{}&#8220; custom_padding__hover=&#8220;|||&#8220;][et_pb_text _builder_version=&#8220;4.27.0&#8243; _module_preset=&#8220;default&#8220; global_colors_info=&#8220;{}&#8220;]<\/p>\n<p><strong>KUNST.GEFL\u00dcSTER mit Iris Lindner, Episode 3 (24.5.24)<\/strong><\/p>\n<p>[\/et_pb_text][\/et_pb_column][\/et_pb_row][\/et_pb_section][et_pb_section fb_built=&#8220;1&#8243; admin_label=&#8220;Footer&#8220; _builder_version=&#8220;4.16&#8243; background_size=&#8220;initial&#8220; background_repeat=&#8220;repeat-y&#8220; custom_padding=&#8220;0px|||||&#8220; saved_tabs=&#8220;all&#8220; locked=&#8220;off&#8220; global_colors_info=&#8220;{}&#8220;][et_pb_row column_structure=&#8220;1_4,1_4,1_4,1_4&#8243; use_custom_gutter=&#8220;on&#8220; gutter_width=&#8220;2&#8243; _builder_version=&#8220;4.16&#8243; border_width_top=&#8220;2px&#8220; global_colors_info=&#8220;{}&#8220;][et_pb_column type=&#8220;1_4&#8243; _builder_version=&#8220;4.16&#8243; custom_padding=&#8220;|||&#8220; global_colors_info=&#8220;{}&#8220; custom_padding__hover=&#8220;|||&#8220;][et_pb_text _builder_version=&#8220;4.27.0&#8243; text_font=&#8220;||||||||&#8220; text_font_size=&#8220;12px&#8220; text_line_height=&#8220;2em&#8220; link_font=&#8220;||||on||||&#8220; link_text_color=&#8220;#666666&#8243; header_font=&#8220;||||||||&#8220; header_text_align=&#8220;left&#8220; header_3_font=&#8220;|700||on|||||&#8220; header_3_font_size=&#8220;12px&#8220; header_3_letter_spacing=&#8220;5px&#8220; header_3_line_height=&#8220;1.8em&#8220; max_width_tablet=&#8220;70%&#8220; max_width_last_edited=&#8220;off|phone&#8220; header_3_font_size_tablet=&#8220;&#8220; header_3_font_size_phone=&#8220;&#8220; header_3_font_size_last_edited=&#8220;on|desktop&#8220; locked=&#8220;off&#8220; global_colors_info=&#8220;{}&#8220;]<\/p>\n<h3>Adresse<\/h3>\n<p>Kunst.Galerie.Waldviertel<br \/>Moritz-Schadek Gasse 23<br \/>3830 Waidhofen an der Thaya<\/p>\n<p>[\/et_pb_text][et_pb_button button_url=&#8220;https:\/\/www.kunst-galerie-waldviertel.at\/wordpress\/ueber-uns\/&#8220; button_text=&#8220;Besuche uns&#8220; _builder_version=&#8220;4.27.0&#8243; custom_button=&#8220;on&#8220; button_text_size=&#8220;14px&#8220; button_text_color=&#8220;#000000&#8243; button_bg_color=&#8220;rgba(0,0,0,0)&#8220; button_border_width=&#8220;0px&#8220; button_border_radius=&#8220;0px&#8220; button_font=&#8220;|700|||||||&#8220; custom_margin_tablet=&#8220;0px|0px||&#8220; custom_margin_phone=&#8220;|0px||&#8220; custom_margin_last_edited=&#8220;off|desktop&#8220; custom_padding=&#8220;6px|0px|6px|0px|true|true&#8220; box_shadow_style=&#8220;preset4&#8243; box_shadow_horizontal=&#8220;0px&#8220; box_shadow_vertical=&#8220;1px&#8220; box_shadow_color=&#8220;#000000&#8243; locked=&#8220;off&#8220; global_colors_info=&#8220;{}&#8220;][\/et_pb_button][\/et_pb_column][et_pb_column type=&#8220;1_4&#8243; _builder_version=&#8220;4.16&#8243; custom_padding=&#8220;|||&#8220; global_colors_info=&#8220;{}&#8220; custom_padding__hover=&#8220;|||&#8220;][et_pb_text _builder_version=&#8220;4.27.0&#8243; text_font=&#8220;||||||||&#8220; text_font_size=&#8220;12px&#8220; text_line_height=&#8220;2em&#8220; link_font=&#8220;||||on||||&#8220; link_text_color=&#8220;#666666&#8243; header_font=&#8220;||||||||&#8220; header_text_align=&#8220;left&#8220; header_3_font=&#8220;|700||on|||||&#8220; header_3_font_size=&#8220;12px&#8220; header_3_letter_spacing=&#8220;5px&#8220; header_3_line_height=&#8220;1.8em&#8220; max_width_tablet=&#8220;70%&#8220; max_width_last_edited=&#8220;off|phone&#8220; header_3_font_size_tablet=&#8220;&#8220; header_3_font_size_phone=&#8220;&#8220; header_3_font_size_last_edited=&#8220;on|desktop&#8220; locked=&#8220;off&#8220; global_colors_info=&#8220;{}&#8220;]<\/p>\n<h3>Ge\u00f6ffnet<\/h3>\n<p>Mittwoch \u2013 Freitag: 15:00 \u2013 19:00 Uhr<br \/>Sonn- und Feiertage: geschlossen<\/p>\n<p>[\/et_pb_text][\/et_pb_column][et_pb_column type=&#8220;1_4&#8243; _builder_version=&#8220;4.16&#8243; custom_padding=&#8220;|||&#8220; global_colors_info=&#8220;{}&#8220; custom_padding__hover=&#8220;|||&#8220;][et_pb_text _builder_version=&#8220;4.27.0&#8243; text_font=&#8220;||||||||&#8220; text_font_size=&#8220;12px&#8220; text_line_height=&#8220;2em&#8220; link_font=&#8220;||||on||||&#8220; link_text_color=&#8220;#666666&#8243; header_font=&#8220;||||||||&#8220; header_text_align=&#8220;left&#8220; header_2_font=&#8220;||||||||&#8220; header_3_font=&#8220;|700||on|||||&#8220; header_3_font_size=&#8220;12px&#8220; header_3_letter_spacing=&#8220;5px&#8220; header_3_line_height=&#8220;1.8em&#8220; max_width_tablet=&#8220;70%&#8220; max_width_last_edited=&#8220;off|phone&#8220; header_3_font_size_tablet=&#8220;&#8220; header_3_font_size_phone=&#8220;&#8220; header_3_font_size_last_edited=&#8220;on|desktop&#8220; locked=&#8220;off&#8220; global_colors_info=&#8220;{}&#8220;]<\/p>\n<h3>Folge uns<\/h3>\n<p>[\/et_pb_text][et_pb_social_media_follow _builder_version=&#8220;4.27.0&#8243; custom_margin=&#8220;-20px|||-10px&#8220; custom_margin_tablet=&#8220;&#8220; custom_margin_phone=&#8220;-20px||&#8220; custom_margin_last_edited=&#8220;on|desktop&#8220; filter_invert=&#8220;100%&#8220; locked=&#8220;off&#8220; global_colors_info=&#8220;{}&#8220; icon_color__hover=&#8220;#e02b20&#8243;][et_pb_social_media_follow_network social_network=&#8220;facebook&#8220; url=&#8220;https:\/\/www.facebook.com\/p\/KunstGalerieWaldviertel-61560045517522&#8243; _builder_version=&#8220;4.27.0&#8243; global_colors_info=&#8220;{}&#8220; follow_button=&#8220;off&#8220; url_new_window=&#8220;on&#8220;]facebook[\/et_pb_social_media_follow_network][et_pb_social_media_follow_network social_network=&#8220;instagram&#8220; url=&#8220;https:\/\/www.instagram.com\/kunst.galerie.waldviertel\/&#8220; _builder_version=&#8220;4.27.0&#8243; global_colors_info=&#8220;{}&#8220; follow_button=&#8220;off&#8220; url_new_window=&#8220;on&#8220;]instagram[\/et_pb_social_media_follow_network][et_pb_social_media_follow_network social_network=&#8220;tiktok&#8220; url=&#8220;https:\/\/www.tiktok.com\/@kgwaldviertel?_t=8p0LidT5HRA&#038;_r=1&#8243; _builder_version=&#8220;4.27.0&#8243; background_color=&#8220;RGBA(255,255,255,0)&#8220; background_enable_color=&#8220;on&#8220; global_colors_info=&#8220;{}&#8220; follow_button=&#8220;off&#8220; url_new_window=&#8220;on&#8220;]tiktok[\/et_pb_social_media_follow_network][\/et_pb_social_media_follow][\/et_pb_column][et_pb_column type=&#8220;1_4&#8243; _builder_version=&#8220;4.16&#8243; custom_padding=&#8220;|||&#8220; global_colors_info=&#8220;{}&#8220; custom_padding__hover=&#8220;|||&#8220;][et_pb_text _builder_version=&#8220;4.27.0&#8243; text_font=&#8220;||||||||&#8220; text_font_size=&#8220;12px&#8220; text_line_height=&#8220;2em&#8220; link_font=&#8220;||||on||||&#8220; link_text_color=&#8220;#666666&#8243; header_font=&#8220;||||||||&#8220; header_text_align=&#8220;left&#8220; header_3_font=&#8220;|700||on|||||&#8220; header_3_font_size=&#8220;12px&#8220; header_3_letter_spacing=&#8220;5px&#8220; header_3_line_height=&#8220;1.8em&#8220; max_width_tablet=&#8220;70%&#8220; max_width_last_edited=&#8220;off|phone&#8220; custom_padding=&#8220;||4px|||&#8220; header_3_font_size_tablet=&#8220;&#8220; header_3_font_size_phone=&#8220;&#8220; header_3_font_size_last_edited=&#8220;on|desktop&#8220; locked=&#8220;off&#8220; global_colors_info=&#8220;{}&#8220;]<\/p>\n<h3>Newsletter<\/h3>\n<p>[\/et_pb_text][et_pb_signup provider=&#8220;sendinblue&#8220; sendinblue_list=&#8220;add_new_account&#8220; first_name_field=&#8220;off&#8220; last_name_field=&#8220;off&#8220; button_text=&#8220;Newsletter anmelden&#8220; _builder_version=&#8220;4.27.0&#8243; form_field_background_color=&#8220;#f3f3f4&#8243; form_field_custom_padding=&#8220;12px||12px||true&#8220; header_font=&#8220;|||on|||||&#8220; header_font_size=&#8220;14px&#8220; header_letter_spacing=&#8220;5px&#8220; header_line_height=&#8220;1.8em&#8220; form_field_font=&#8220;||||||||&#8220; form_field_font_size=&#8220;14px&#8220; use_background_color=&#8220;off&#8220; custom_button=&#8220;on&#8220; button_text_size=&#8220;14px&#8220; button_text_color=&#8220;#ffffff&#8220; button_bg_color=&#8220;#000000&#8243; button_border_width=&#8220;0px&#8220; button_border_radius=&#8220;0px&#8220; button_font=&#8220;|700|||||||&#8220; button_custom_padding=&#8220;12px||12px||true&#8220; background_layout=&#8220;light&#8220; min_height=&#8220;140px&#8220; custom_margin=&#8220;-39px||&#8220; hover_enabled=&#8220;0&#8243; border_radii_fields=&#8220;on|0px|0px|0px|0px&#8220; locked=&#8220;off&#8220; global_colors_info=&#8220;{}&#8220; link_option_url=&#8220;mailto:info@kunst-galerie-waldviertel.at&#8220; sticky_enabled=&#8220;0&#8243;][\/et_pb_signup][\/et_pb_column][\/et_pb_row][\/et_pb_section]<\/p>\n","protected":false},"excerpt":{"rendered":"<p>\u00a0KUNST.GEFL\u00dcSTER &nbsp; KUNST.GEFL\u00dcSTER ist eine inspirierende und tiefgr\u00fcndige Interviewreihe, die sich darauf konzentriert die kreativen Prozesse, Gedankenwelten und Lebenswege von K\u00fcnstlerInnen zu erkunden. Jede Episode bietet eine intime Begegnung mit einem\/r K\u00fcnstlerIn, die ihre einzigartige Perspektive und Erfahrung teilt. KUNST.GEFL\u00dcSTER mit Mag. art. Lydia Wassner-Hauser, Episode 1 (19.5.24)KUNST.GEFL\u00dcSTER mit Monika Herschberger, Episode 2 (24.5.24)KUNST.GEFL\u00dcSTER mit [&hellip;]<\/p>\n","protected":false},"author":1,"featured_media":0,"parent":0,"menu_order":0,"comment_status":"closed","ping_status":"closed","template":"","meta":{"_et_pb_use_builder":"on","_et_pb_old_content":"<!-- wp:paragraph -->\n<p><\/p>\n<!-- \/wp:paragraph -->\n\n<!-- wp:paragraph -->\n<p>KUNST.GEFL\u00dcSTER ist eine inspirierende und tiefgr\u00fcndige Interviewreihe, die sich darauf konzentriert die kreativen Prozesse, Gedankenwelten und Lebenswege von K\u00fcnstlerInnen zu erkunden. Jede Episode bietet eine intime Begegnung mit einem\/r K\u00fcnstlerIn, die ihre einzigartige Perspektive und Erfahrung teilt.<\/p>\n<!-- \/wp:paragraph -->\n\n<!-- wp:paragraph -->\n<p><\/p>\n<!-- \/wp:paragraph -->\n\n<!-- wp:paragraph -->\n<p><\/p>\n<!-- \/wp:paragraph -->\n\n<!-- wp:paragraph {\"style\":{\"elements\":{\"link\":{\"color\":{\"text\":\"var:preset|color|black\"}}}},\"textColor\":\"black\"} -->\n<p class=\"has-black-color has-text-color has-link-color\">KUNST.GEFL\u00dcSTER mit Mag. art. Lydia Wassner-Hauser, Episode 1 (19.5.24)<\/p>\n<!-- \/wp:paragraph -->\n\n<!-- wp:embed {\"url\":\"https:\/\/www.youtube.com\/watch?v=sF7c8fZ8Uhw\",\"type\":\"video\",\"providerNameSlug\":\"youtube\",\"responsive\":true,\"className\":\"wp-embed-aspect-16-9 wp-has-aspect-ratio\"} -->\n<figure class=\"wp-block-embed is-type-video is-provider-youtube wp-block-embed-youtube wp-embed-aspect-16-9 wp-has-aspect-ratio\"><div class=\"wp-block-embed__wrapper\">\nhttps:\/\/www.youtube.com\/watch?v=sF7c8fZ8Uhw\n<\/div><\/figure>\n<!-- \/wp:embed -->\n\n<!-- wp:paragraph -->\n<p><a href=\"https:\/\/www.youtube.com\/\"><\/a><\/p>\n<!-- \/wp:paragraph -->\n\n<!-- wp:paragraph -->\n<p><\/p>\n<!-- \/wp:paragraph -->\n\n<!-- wp:paragraph {\"style\":{\"elements\":{\"link\":{\"color\":{\"text\":\"var:preset|color|black\"}}}},\"textColor\":\"black\"} -->\n<p class=\"has-black-color has-text-color has-link-color\">KUNST.GEFL\u00dcSTER mit Monika Herschberger, Episode 2 (24.5.24)<\/p>\n<!-- \/wp:paragraph -->\n\n<!-- wp:embed {\"url\":\"https:\/\/www.youtube.com\/watch?v=Q91aVRR39V4\",\"type\":\"video\",\"providerNameSlug\":\"youtube\",\"responsive\":true,\"className\":\"wp-embed-aspect-16-9 wp-has-aspect-ratio\"} -->\n<figure class=\"wp-block-embed is-type-video is-provider-youtube wp-block-embed-youtube wp-embed-aspect-16-9 wp-has-aspect-ratio\"><div class=\"wp-block-embed__wrapper\">\nhttps:\/\/www.youtube.com\/watch?v=Q91aVRR39V4\n<\/div><\/figure>\n<!-- \/wp:embed -->\n\n<!-- wp:paragraph -->\n<p><\/p>\n<!-- \/wp:paragraph -->\n\n<!-- wp:group {\"layout\":{\"type\":\"constrained\"}} -->\n<div class=\"wp-block-group\"><!-- wp:paragraph {\"style\":{\"elements\":{\"link\":{\"color\":{\"text\":\"var:preset|color|black\"}}}},\"textColor\":\"black\"} -->\n<p class=\"has-black-color has-text-color has-link-color\">KUNST.GEFL\u00dcSTER mit Iris Lindner, Episode 3 (24.5.24)<\/p>\n<!-- \/wp:paragraph -->\n\n<!-- wp:embed {\"url\":\"https:\/\/www.youtube.com\/watch?v=ZKyyqYwuIzUu0026t=30s\",\"type\":\"video\",\"providerNameSlug\":\"youtube\",\"responsive\":true,\"className\":\"wp-embed-aspect-16-9 wp-has-aspect-ratio\"} -->\n<figure class=\"wp-block-embed is-type-video is-provider-youtube wp-block-embed-youtube wp-embed-aspect-16-9 wp-has-aspect-ratio\"><div class=\"wp-block-embed__wrapper\">\nhttps:\/\/www.youtube.com\/watch?v=ZKyyqYwuIzU&amp;t=30s\n<\/div><\/figure>\n<!-- \/wp:embed --><\/div>\n<!-- \/wp:group -->\n\n<!-- wp:paragraph -->\n<p><\/p>\n<!-- \/wp:paragraph -->","_et_gb_content_width":"","_ti_tpc_template_sync":false,"_ti_tpc_template_id":"","footnotes":""},"class_list":["post-517","page","type-page","status-publish","hentry"],"_links":{"self":[{"href":"https:\/\/www.kunst-galerie-waldviertel.at\/wordpress\/wp-json\/wp\/v2\/pages\/517","targetHints":{"allow":["GET"]}}],"collection":[{"href":"https:\/\/www.kunst-galerie-waldviertel.at\/wordpress\/wp-json\/wp\/v2\/pages"}],"about":[{"href":"https:\/\/www.kunst-galerie-waldviertel.at\/wordpress\/wp-json\/wp\/v2\/types\/page"}],"author":[{"embeddable":true,"href":"https:\/\/www.kunst-galerie-waldviertel.at\/wordpress\/wp-json\/wp\/v2\/users\/1"}],"replies":[{"embeddable":true,"href":"https:\/\/www.kunst-galerie-waldviertel.at\/wordpress\/wp-json\/wp\/v2\/comments?post=517"}],"version-history":[{"count":15,"href":"https:\/\/www.kunst-galerie-waldviertel.at\/wordpress\/wp-json\/wp\/v2\/pages\/517\/revisions"}],"predecessor-version":[{"id":1341,"href":"https:\/\/www.kunst-galerie-waldviertel.at\/wordpress\/wp-json\/wp\/v2\/pages\/517\/revisions\/1341"}],"wp:attachment":[{"href":"https:\/\/www.kunst-galerie-waldviertel.at\/wordpress\/wp-json\/wp\/v2\/media?parent=517"}],"curies":[{"name":"wp","href":"https:\/\/api.w.org\/{rel}","templated":true}]}}