{"id":1505,"date":"2025-11-08T10:11:34","date_gmt":"2025-11-08T09:11:34","guid":{"rendered":"https:\/\/www.kunst-galerie-waldviertel.at\/wordpress\/?page_id=1505"},"modified":"2025-11-08T10:48:31","modified_gmt":"2025-11-08T09:48:31","slug":"art-w4-2025-2","status":"publish","type":"page","link":"https:\/\/www.kunst-galerie-waldviertel.at\/wordpress\/artw4\/art-w4-2025-2\/","title":{"rendered":"ART.W4 &#8217;26"},"content":{"rendered":"<p>[et_pb_section fb_built=&#8220;1&#8243; admin_label=&#8220;section&#8220; _builder_version=&#8220;4.27.0&#8243; min_height=&#8220;2223px&#8220; global_colors_info=&#8220;{}&#8220;][et_pb_row _builder_version=&#8220;4.27.0&#8243; _module_preset=&#8220;default&#8220; global_colors_info=&#8220;{}&#8220;][et_pb_column type=&#8220;4_4&#8243; _builder_version=&#8220;4.27.0&#8243; _module_preset=&#8220;default&#8220; global_colors_info=&#8220;{}&#8220;][et_pb_image src=&#8220;https:\/\/www.kunst-galerie-waldviertel.at\/wordpress\/wp-content\/uploads\/2025\/11\/ART.W4-2026-open-call.png&#8220; title_text=&#8220;ART.W4 2026 open call&#8220; _builder_version=&#8220;4.27.0&#8243; _module_preset=&#8220;default&#8220; global_colors_info=&#8220;{}&#8220;][\/et_pb_image][\/et_pb_column][\/et_pb_row][et_pb_row _builder_version=&#8220;4.27.0&#8243; _module_preset=&#8220;default&#8220; custom_padding=&#8220;|||82px||&#8220; global_colors_info=&#8220;{}&#8220;][et_pb_column type=&#8220;4_4&#8243; _builder_version=&#8220;4.27.0&#8243; _module_preset=&#8220;default&#8220; global_colors_info=&#8220;{}&#8220;][et_pb_text _builder_version=&#8220;4.27.0&#8243; _module_preset=&#8220;default&#8220; header_text_color=&#8220;#f800b0&#8243; header_3_text_color=&#8220;#f800b0&#8243; global_colors_info=&#8220;{}&#8220;]<\/p>\n<p data-start=\"59\" data-end=\"86\"><strong data-start=\"59\" data-end=\"86\">OPEN CALL \u2013 ART.W4 2026<\/strong><\/p>\n<p data-start=\"88\" data-end=\"302\">Kunst.Galerie.Waldviertel invites artists to submit their work for participation in <strong data-start=\"172\" data-end=\"187\">ART.W4 2026<\/strong>.<br data-start=\"188\" data-end=\"191\" \/>We are seeking works from all fields of visual art: painting, drawing, photography, sculpture, and mixed media.<\/p>\n<p data-start=\"304\" data-end=\"320\"><strong data-start=\"304\" data-end=\"320\">THEME: LIGHT<\/strong><\/p>\n<p data-start=\"322\" data-end=\"502\"><strong data-start=\"322\" data-end=\"338\">Application:<\/strong><br data-start=\"338\" data-end=\"341\" \/>Please send a short artist biography, a portfolio (max. 10 works), and a brief statement about your artistic practice to:<br data-start=\"462\" data-end=\"465\" \/><strong data-start=\"465\" data-end=\"502\"><a data-start=\"467\" data-end=\"500\" class=\"decorated-link cursor-pointer\" rel=\"noopener\">info@kunst-galerie-waldviertel.at<\/a><\/strong><\/p>\n<p data-start=\"486\" data-end=\"556\"><strong data-start=\"486\" data-end=\"499\">Deadline:<\/strong> open \u2013 submissions will be reviewed on an ongoing basis.<\/p>\n<p data-start=\"558\" data-end=\"679\">We look forward to your submissions!<br data-start=\"594\" data-end=\"597\" \/><strong data-start=\"597\" data-end=\"626\">Kunst.Galerie.Waldviertel<\/strong> \u2013 a space for exchange, inspiration, and living art.<\/p>\n<p data-start=\"322\" data-end=\"502\"><strong data-start=\"465\" data-end=\"502\"><\/strong><\/p>\n<p data-start=\"322\" data-end=\"502\"><strong data-start=\"465\" data-end=\"502\"><\/strong><\/p>\n<p>[\/et_pb_text][\/et_pb_column][\/et_pb_row][et_pb_row _builder_version=&#8220;4.27.0&#8243; _module_preset=&#8220;default&#8220; custom_padding=&#8220;|||82px||&#8220; global_colors_info=&#8220;{}&#8220;][et_pb_column type=&#8220;4_4&#8243; _builder_version=&#8220;4.27.0&#8243; _module_preset=&#8220;default&#8220; global_colors_info=&#8220;{}&#8220;][et_pb_text _builder_version=&#8220;4.27.0&#8243; _module_preset=&#8220;default&#8220; header_text_color=&#8220;#f800b0&#8243; header_3_text_color=&#8220;#f800b0&#8243; global_colors_info=&#8220;{}&#8220;]<\/p>\n<p data-start=\"59\" data-end=\"86\"><strong data-start=\"59\" data-end=\"86\">OPEN CALL \u2013 ART.W4 2026<\/strong><\/p>\n<p data-start=\"88\" data-end=\"302\">Die Kunst.Galerie.Waldviertel l\u00e4dt K\u00fcnstlerinnen und K\u00fcnstler ein, ihre Werke zur Teilnahme an der <strong data-start=\"172\" data-end=\"187\">ART.W4 2026<\/strong>.einzureichen. Gesucht werden Arbeiten aus allen Bereichen der Bildenden Kunst: Malerei, Zeichnung, Fotografie, Skulptur, Mixed Media.<\/p>\n<p data-start=\"304\" data-end=\"320\"><strong data-start=\"304\" data-end=\"320\">THEMA:\u00a0 LICHT<\/strong><\/p>\n<p data-start=\"322\" data-end=\"502\"><strong data-start=\"322\" data-end=\"338\">Bewerbung:<\/strong><br data-start=\"338\" data-end=\"341\" \/>Bitte sendet eine kurze K\u00fcnstler*innenbiografie, ein Portfolio (max. 10 Arbeiten) sowie eine kurze Beschreibung deiner k\u00fcnstlerischen Position an:<br data-start=\"462\" data-end=\"465\" \/><strong data-start=\"465\" data-end=\"502\"><a data-start=\"467\" data-end=\"500\" class=\"decorated-link cursor-pointer\" rel=\"noopener\">info@kunst-galerie-waldviertel.at<\/a><\/strong><\/p>\n<p data-start=\"486\" data-end=\"556\"><strong data-start=\"486\" data-end=\"499\">Deadline:<\/strong> offen \u2013 wir sichten laufend.<\/p>\n<p data-start=\"486\" data-end=\"556\">\n<p data-start=\"486\" data-end=\"556\">Wir freuen uns auf eure Einreichungen! <strong>Kunst.Galerie.Waldviertel<\/strong> \u2013 ein Raum f\u00fcr Austausch, Inspiration und lebendige Kunst.\u00a0<\/p>\n<p data-start=\"322\" data-end=\"502\"><strong data-start=\"465\" data-end=\"502\"><a data-start=\"467\" data-end=\"500\" class=\"decorated-link cursor-pointer\" rel=\"noopener\"><span aria-hidden=\"true\" class=\"ms-0.5 inline-block align-middle leading-none\"><svg width=\"20\" height=\"20\" viewbox=\"0 0 20 20\" fill=\"currentColor\" xmlns=\"http:\/\/www.w3.org\/2000\/svg\" data-rtl-flip=\"\" class=\"block h-[0.75em] w-[0.75em] stroke-current stroke-[0.75]\"><\/svg><\/span><\/a><\/strong><\/p>\n<p>&nbsp;<\/p>\n<p>[\/et_pb_text][\/et_pb_column][\/et_pb_row][\/et_pb_section][et_pb_section fb_built=&#8220;1&#8243; _builder_version=&#8220;4.27.0&#8243; _module_preset=&#8220;default&#8220; custom_padding=&#8220;0px|||||&#8220; global_colors_info=&#8220;{}&#8220;][et_pb_row _builder_version=&#8220;4.27.0&#8243; _module_preset=&#8220;default&#8220; global_colors_info=&#8220;{}&#8220;][et_pb_column type=&#8220;4_4&#8243; _builder_version=&#8220;4.27.0&#8243; _module_preset=&#8220;default&#8220; global_colors_info=&#8220;{}&#8220;][et_pb_cta title=&#8220; Mehr Info&#8217;s und Teilnahmebedingungen                                              &#8220; button_url=&#8220;https:\/\/www.kunst-galerie-waldviertel.at\/wordpress\/wp-content\/uploads\/2025\/11\/Ausstellungskonditionen_Applikation-2026.pdf&#8220; button_text=&#8220;Click Here&#8220; _builder_version=&#8220;4.27.0&#8243; _module_preset=&#8220;default&#8220; hover_enabled=&#8220;0&#8243; global_colors_info=&#8220;{}&#8220; sticky_enabled=&#8220;0&#8243;]<\/p>\n<p>More Info &amp; Participation Details<\/p>\n<p>[\/et_pb_cta][\/et_pb_column][\/et_pb_row][\/et_pb_section][et_pb_section fb_built=&#8220;1&#8243; admin_label=&#8220;Footer&#8220; _builder_version=&#8220;4.16&#8243; background_size=&#8220;initial&#8220; background_repeat=&#8220;repeat-y&#8220; custom_padding=&#8220;0px|||||&#8220; saved_tabs=&#8220;all&#8220; locked=&#8220;off&#8220; global_colors_info=&#8220;{}&#8220;][et_pb_row column_structure=&#8220;1_6,1_6,1_6,1_6,1_6,1_6&#8243; use_custom_gutter=&#8220;on&#8220; gutter_width=&#8220;2&#8243; _builder_version=&#8220;4.16&#8243; border_width_top=&#8220;2px&#8220; global_colors_info=&#8220;{}&#8220;][et_pb_column type=&#8220;1_6&#8243; _builder_version=&#8220;4.16&#8243; custom_padding=&#8220;|||&#8220; global_colors_info=&#8220;{}&#8220; custom_padding__hover=&#8220;|||&#8220;][et_pb_text _builder_version=&#8220;4.27.0&#8243; text_font=&#8220;||||||||&#8220; text_font_size=&#8220;12px&#8220; text_line_height=&#8220;2em&#8220; link_font=&#8220;||||on||||&#8220; link_text_color=&#8220;#666666&#8243; header_font=&#8220;||||||||&#8220; header_text_align=&#8220;left&#8220; header_3_font=&#8220;|700||on|||||&#8220; header_3_font_size=&#8220;12px&#8220; header_3_letter_spacing=&#8220;5px&#8220; header_3_line_height=&#8220;1.8em&#8220; max_width_tablet=&#8220;70%&#8220; max_width_last_edited=&#8220;off|phone&#8220; header_3_font_size_tablet=&#8220;&#8220; header_3_font_size_phone=&#8220;&#8220; header_3_font_size_last_edited=&#8220;on|desktop&#8220; locked=&#8220;off&#8220; global_colors_info=&#8220;{}&#8220;]<\/p>\n<h3>Adresse<\/h3>\n<p>Kunst.Galerie.Waldviertel<br \/>Moritz-Schadek-Gasse 23<br \/>3830 Waidhofen an der Thaya<\/p>\n<p>[\/et_pb_text][et_pb_button button_url=&#8220;https:\/\/www.kunst-galerie-waldviertel.at\/wordpress\/ueber-uns\/&#8220; button_text=&#8220;Besuche uns&#8220; _builder_version=&#8220;4.27.0&#8243; custom_button=&#8220;on&#8220; button_text_size=&#8220;14px&#8220; button_text_color=&#8220;#000000&#8243; button_bg_color=&#8220;rgba(0,0,0,0)&#8220; button_border_width=&#8220;0px&#8220; button_border_radius=&#8220;0px&#8220; button_font=&#8220;|700|||||||&#8220; custom_margin_tablet=&#8220;0px|0px||&#8220; custom_margin_phone=&#8220;|0px||&#8220; custom_margin_last_edited=&#8220;off|desktop&#8220; custom_padding=&#8220;6px|0px|6px|0px|true|true&#8220; box_shadow_style=&#8220;preset4&#8243; box_shadow_horizontal=&#8220;0px&#8220; box_shadow_vertical=&#8220;1px&#8220; box_shadow_color=&#8220;#000000&#8243; locked=&#8220;off&#8220; global_colors_info=&#8220;{}&#8220;][\/et_pb_button][\/et_pb_column][et_pb_column type=&#8220;1_6&#8243; _builder_version=&#8220;4.16&#8243; custom_padding=&#8220;|||&#8220; global_colors_info=&#8220;{}&#8220; custom_padding__hover=&#8220;|||&#8220;][et_pb_text _builder_version=&#8220;4.27.0&#8243; text_font=&#8220;||||||||&#8220; text_font_size=&#8220;12px&#8220; text_line_height=&#8220;2em&#8220; link_font=&#8220;||||on||||&#8220; link_text_color=&#8220;#666666&#8243; header_font=&#8220;||||||||&#8220; header_text_align=&#8220;left&#8220; header_3_font=&#8220;|700||on|||||&#8220; header_3_font_size=&#8220;12px&#8220; header_3_letter_spacing=&#8220;5px&#8220; header_3_line_height=&#8220;1.8em&#8220; max_width_tablet=&#8220;70%&#8220; max_width_last_edited=&#8220;off|phone&#8220; header_3_font_size_tablet=&#8220;&#8220; header_3_font_size_phone=&#8220;&#8220; header_3_font_size_last_edited=&#8220;on|desktop&#8220; locked=&#8220;off&#8220; global_colors_info=&#8220;{}&#8220;]<\/p>\n<h3>Ge\u00f6ffnet<\/h3>\n<p>Mittwoch \u2013 Freitag: 15:00 \u2013 19:00 Uhr<br \/>Sonn-Feiertage: Geschlossen<\/p>\n<p>[\/et_pb_text][\/et_pb_column][et_pb_column type=&#8220;1_6&#8243; _builder_version=&#8220;4.27.0&#8243; _module_preset=&#8220;default&#8220; global_colors_info=&#8220;{}&#8220;][\/et_pb_column][et_pb_column type=&#8220;1_6&#8243; _builder_version=&#8220;4.16&#8243; custom_padding=&#8220;|||&#8220; global_colors_info=&#8220;{}&#8220; custom_padding__hover=&#8220;|||&#8220;][et_pb_text _builder_version=&#8220;4.27.0&#8243; text_font=&#8220;||||||||&#8220; text_font_size=&#8220;12px&#8220; text_line_height=&#8220;2em&#8220; link_font=&#8220;||||on||||&#8220; link_text_color=&#8220;#666666&#8243; header_font=&#8220;||||||||&#8220; header_text_align=&#8220;left&#8220; header_2_font=&#8220;||||||||&#8220; header_3_font=&#8220;|700||on|||||&#8220; header_3_font_size=&#8220;12px&#8220; header_3_letter_spacing=&#8220;5px&#8220; header_3_line_height=&#8220;1.8em&#8220; max_width_tablet=&#8220;70%&#8220; max_width_last_edited=&#8220;off|phone&#8220; header_3_font_size_tablet=&#8220;&#8220; header_3_font_size_phone=&#8220;&#8220; header_3_font_size_last_edited=&#8220;on|desktop&#8220; locked=&#8220;off&#8220; global_colors_info=&#8220;{}&#8220;]<\/p>\n<h3>Folge uns<\/h3>\n<p>[\/et_pb_text][et_pb_social_media_follow _builder_version=&#8220;4.27.0&#8243; custom_margin=&#8220;-20px|||-10px&#8220; custom_margin_tablet=&#8220;&#8220; custom_margin_phone=&#8220;-20px||&#8220; custom_margin_last_edited=&#8220;on|desktop&#8220; filter_invert=&#8220;100%&#8220; locked=&#8220;off&#8220; global_colors_info=&#8220;{}&#8220; icon_color__hover=&#8220;#e02b20&#8243;][et_pb_social_media_follow_network social_network=&#8220;facebook&#8220; url=&#8220;https:\/\/www.facebook.com\/p\/KunstGalerieWaldviertel-61560045517522&#8243; _builder_version=&#8220;4.27.0&#8243; global_colors_info=&#8220;{}&#8220; follow_button=&#8220;off&#8220; url_new_window=&#8220;on&#8220;]facebook[\/et_pb_social_media_follow_network][et_pb_social_media_follow_network social_network=&#8220;instagram&#8220; url=&#8220;https:\/\/www.instagram.com\/kunst.galerie.waldviertel\/&#8220; _builder_version=&#8220;4.27.0&#8243; global_colors_info=&#8220;{}&#8220; follow_button=&#8220;off&#8220; url_new_window=&#8220;on&#8220;]instagram[\/et_pb_social_media_follow_network][et_pb_social_media_follow_network social_network=&#8220;tiktok&#8220; url=&#8220;https:\/\/www.tiktok.com\/@kgwaldviertel?_t=8p0LidT5HRA&#038;_r=1&#8243; _builder_version=&#8220;4.27.0&#8243; background_color=&#8220;RGBA(255,255,255,0)&#8220; background_enable_color=&#8220;on&#8220; global_colors_info=&#8220;{}&#8220; follow_button=&#8220;off&#8220; url_new_window=&#8220;on&#8220;]tiktok[\/et_pb_social_media_follow_network][\/et_pb_social_media_follow][\/et_pb_column][et_pb_column type=&#8220;1_6&#8243; _builder_version=&#8220;4.27.0&#8243; _module_preset=&#8220;default&#8220; global_colors_info=&#8220;{}&#8220;][\/et_pb_column][et_pb_column type=&#8220;1_6&#8243; _builder_version=&#8220;4.16&#8243; custom_padding=&#8220;|||&#8220; global_colors_info=&#8220;{}&#8220; custom_padding__hover=&#8220;|||&#8220;][\/et_pb_column][\/et_pb_row][\/et_pb_section]<\/p>\n","protected":false},"excerpt":{"rendered":"<p>OPEN CALL \u2013 ART.W4 2026 Kunst.Galerie.Waldviertel invites artists to submit their work for participation in ART.W4 2026.We are seeking works from all fields of visual art: painting, drawing, photography, sculpture, and mixed media. THEME: LIGHT Application:Please send a short artist biography, a portfolio (max. 10 works), and a brief statement about your artistic practice to:info@kunst-galerie-waldviertel.at [&hellip;]<\/p>\n","protected":false},"author":1,"featured_media":0,"parent":1484,"menu_order":0,"comment_status":"closed","ping_status":"closed","template":"","meta":{"_et_pb_use_builder":"on","_et_pb_old_content":"","_et_gb_content_width":"","_ti_tpc_template_sync":false,"_ti_tpc_template_id":"","footnotes":""},"class_list":["post-1505","page","type-page","status-publish","hentry"],"_links":{"self":[{"href":"https:\/\/www.kunst-galerie-waldviertel.at\/wordpress\/wp-json\/wp\/v2\/pages\/1505","targetHints":{"allow":["GET"]}}],"collection":[{"href":"https:\/\/www.kunst-galerie-waldviertel.at\/wordpress\/wp-json\/wp\/v2\/pages"}],"about":[{"href":"https:\/\/www.kunst-galerie-waldviertel.at\/wordpress\/wp-json\/wp\/v2\/types\/page"}],"author":[{"embeddable":true,"href":"https:\/\/www.kunst-galerie-waldviertel.at\/wordpress\/wp-json\/wp\/v2\/users\/1"}],"replies":[{"embeddable":true,"href":"https:\/\/www.kunst-galerie-waldviertel.at\/wordpress\/wp-json\/wp\/v2\/comments?post=1505"}],"version-history":[{"count":6,"href":"https:\/\/www.kunst-galerie-waldviertel.at\/wordpress\/wp-json\/wp\/v2\/pages\/1505\/revisions"}],"predecessor-version":[{"id":1525,"href":"https:\/\/www.kunst-galerie-waldviertel.at\/wordpress\/wp-json\/wp\/v2\/pages\/1505\/revisions\/1525"}],"up":[{"embeddable":true,"href":"https:\/\/www.kunst-galerie-waldviertel.at\/wordpress\/wp-json\/wp\/v2\/pages\/1484"}],"wp:attachment":[{"href":"https:\/\/www.kunst-galerie-waldviertel.at\/wordpress\/wp-json\/wp\/v2\/media?parent=1505"}],"curies":[{"name":"wp","href":"https:\/\/api.w.org\/{rel}","templated":true}]}}