{"id":1399,"date":"2025-02-20T11:40:10","date_gmt":"2025-02-20T10:40:10","guid":{"rendered":"https:\/\/www.kunst-galerie-waldviertel.at\/wordpress\/?page_id=1399"},"modified":"2025-11-08T10:47:15","modified_gmt":"2025-11-08T09:47:15","slug":"art-w4-2025","status":"publish","type":"page","link":"https:\/\/www.kunst-galerie-waldviertel.at\/wordpress\/artw4\/art-w4-2025\/","title":{"rendered":"ART.W4 &#8217;25"},"content":{"rendered":"<p>[et_pb_section fb_built=&#8220;1&#8243; admin_label=&#8220;section&#8220; _builder_version=&#8220;4.27.0&#8243; min_height=&#8220;2223px&#8220; global_colors_info=&#8220;{}&#8220;][et_pb_row _builder_version=&#8220;4.27.0&#8243; _module_preset=&#8220;default&#8220; global_colors_info=&#8220;{}&#8220;][et_pb_column type=&#8220;4_4&#8243; _builder_version=&#8220;4.27.0&#8243; _module_preset=&#8220;default&#8220; global_colors_info=&#8220;{}&#8220;][et_pb_image src=&#8220;https:\/\/www.kunst-galerie-waldviertel.at\/wordpress\/wp-content\/uploads\/2025\/03\/Banner-ART.W4-extended-1-scaled.jpg&#8220; title_text=&#8220;Kopie von Kopie von Business (Banner f\u00fcr drau\u00dfen \u2013 48 x 24 Zoll)) &#8211; 1&#8243; _builder_version=&#8220;4.27.0&#8243; _module_preset=&#8220;default&#8220; global_colors_info=&#8220;{}&#8220;][\/et_pb_image][\/et_pb_column][\/et_pb_row][et_pb_row _builder_version=&#8220;4.27.0&#8243; _module_preset=&#8220;default&#8220; global_colors_info=&#8220;{}&#8220;][et_pb_column type=&#8220;4_4&#8243; _builder_version=&#8220;4.27.0&#8243; _module_preset=&#8220;default&#8220; global_colors_info=&#8220;{}&#8220;][et_pb_text _builder_version=&#8220;4.27.0&#8243; _module_preset=&#8220;default&#8220; header_text_color=&#8220;#f800b0&#8243; header_3_text_color=&#8220;#f800b0&#8243; global_colors_info=&#8220;{}&#8220;]<\/p>\n<h1 data-pm-slice=\"1 1 []\"><span><strong>ART.W4 \u2013 BE PART OF ART<\/strong><\/span><br \/><span><strong>International Call for Artists<\/strong><\/span><\/h1>\n<p style=\"text-align: left;\"><span>The <\/span><span><strong>Kunst.Galerie.Waldviertel<\/strong><\/span><span> invites artists from all over the world to be part of <\/span><span><strong>ART.W4 \u2013 BE PART OF ART<\/strong><\/span><span>! This unique exhibition offers three exciting presentation options to showcase the diversity of visual arts in a special setting.<\/span><\/p>\n<h3 style=\"text-align: left;\"><span><strong>How can you participate?<\/strong><\/span><\/h3>\n<p style=\"text-align: left;\"><span>Choose one of three ways to present your artwork:<\/span><\/p>\n<ol data-spread=\"true\" start=\"1\" style=\"text-align: left;\">\n<li><span><strong>In the Gallery<\/strong><\/span><span> \u2013 Your original artwork will be exhibited at the <\/span><span><strong>Kunst.Galerie.Waldviertel<\/strong><\/span><span>.<\/span>\n<ul data-spread=\"false\">\n<li><span>Participation fee: <\/span><span><strong>250 Euros<\/strong><\/span><\/li>\n<\/ul>\n<\/li>\n<li><span><strong>In a Shop Window<\/strong><\/span><span> \u2013 Your artwork will be displayed in a <\/span><span><strong>shop window in downtown Waidhofen<\/strong><\/span><span>, making it accessible to a wide audience.<\/span>\n<ul data-spread=\"false\">\n<li><span>Participation fee: <\/span><span><strong>150 Euros<\/strong><\/span><\/li>\n<\/ul>\n<\/li>\n<li><span><strong>On the Screen<\/strong><\/span><span> \u2013 Your artwork will be digitally displayed on a <\/span><span><strong>screen in the gallery<\/strong><\/span><span>, ideal for digital art or international artists who want to showcase their work virtually.<\/span>\n<ul data-spread=\"false\">\n<li><span>Participation fee: <\/span><span><strong>70 Euros<\/strong><\/span><\/li>\n<\/ul>\n<\/li>\n<\/ol>\n<h3 style=\"text-align: left;\"><span><strong>Why participate?<\/strong><\/span><\/h3>\n<ul data-spread=\"false\" style=\"text-align: left;\">\n<li><span>Be part of an international exhibition and present your work in a professional setting.<\/span><\/li>\n<li><span>Reach an art-interested audience \u2013 both locally and beyond.<\/span><\/li>\n<li><span>Take advantage of the opportunity to showcase your work in the gallery, urban space, or digitally.<\/span><\/li>\n<\/ul>\n<h3 style=\"text-align: left;\"><span><strong>Application<\/strong><\/span><\/h3>\n<p style=\"text-align: left;\"><span>Submit your artwork and all necessary information via the online form on our website. After registration, you will receive further details about the submission process.<\/span><\/p>\n<p style=\"text-align: left;\"><span><strong>Submission deadline: April 30., 2025<\/strong><\/span><span> to <\/span><span><a disabled=\"disabled\"><strong>info@kunst-galerie-waldviertel.at<\/strong><\/a><\/span><\/p>\n<p style=\"text-align: left;\"><span><strong>Join us \u2013 BE PART OF ART!<\/strong><\/span><\/p>\n<p>[\/et_pb_text][\/et_pb_column][\/et_pb_row][et_pb_row _builder_version=&#8220;4.27.0&#8243; _module_preset=&#8220;default&#8220; global_colors_info=&#8220;{}&#8220;][et_pb_column type=&#8220;4_4&#8243; _builder_version=&#8220;4.27.0&#8243; _module_preset=&#8220;default&#8220; global_colors_info=&#8220;{}&#8220;][et_pb_text _builder_version=&#8220;4.27.0&#8243; _module_preset=&#8220;default&#8220; header_text_color=&#8220;#f800b0&#8243; header_3_text_color=&#8220;#f800b0&#8243; global_colors_info=&#8220;{}&#8220;]<\/p>\n<h3 data-start=\"0\" data-end=\"37\"><strong data-start=\"4\" data-end=\"35\">ART.W4 \u2013 SEI TEIL DER KUNST<\/strong><\/h3>\n<p data-start=\"38\" data-end=\"85\"><strong data-start=\"38\" data-end=\"83\">Internationaler Aufruf f\u00fcr K\u00fcnstler:innen<\/strong><\/p>\n<p data-start=\"87\" data-end=\"365\">Die <strong data-start=\"91\" data-end=\"120\">Kunst.Galerie.Waldviertel<\/strong> l\u00e4dt K\u00fcnstler:innen aus aller Welt ein, Teil von <strong data-start=\"170\" data-end=\"197\">ART.W4 \u2013 BE PART OF ART<\/strong> zu werden! Diese einzigartige Ausstellung bietet drei spannende Pr\u00e4sentationsm\u00f6glichkeiten, um die Vielfalt der bildenden Kunst in einem besonderen Rahmen zu zeigen.<\/p>\n<hr data-start=\"367\" data-end=\"370\" \/>\n<h3 data-start=\"372\" data-end=\"407\"><strong data-start=\"376\" data-end=\"405\">Wie kannst du teilnehmen?<\/strong><\/h3>\n<p data-start=\"408\" data-end=\"479\">W\u00e4hle eine von drei M\u00f6glichkeiten, um dein Kunstwerk zu pr\u00e4sentieren:<\/p>\n<p data-start=\"481\" data-end=\"616\">?\ufe0f <strong data-start=\"485\" data-end=\"503\">In der Galerie<\/strong> \u2013 Dein Originalkunstwerk wird in der Kunst.Galerie.Waldviertel ausgestellt.<br data-start=\"579\" data-end=\"582\" \/>? <strong data-start=\"585\" data-end=\"605\">Teilnahmegeb\u00fchr:<\/strong> 250 Euro<\/p>\n<p data-start=\"618\" data-end=\"803\">? <strong data-start=\"621\" data-end=\"640\">Im Schaufenster<\/strong> \u2013 Dein Kunstwerk wird in einem Schaufenster in der Innenstadt von Waidhofen pr\u00e4sentiert und erreicht so ein breites Publikum.<br data-start=\"766\" data-end=\"769\" \/>? <strong data-start=\"772\" data-end=\"792\">Teilnahmegeb\u00fchr:<\/strong> 150 Euro<\/p>\n<p data-start=\"805\" data-end=\"1050\">?\ufe0f <strong data-start=\"809\" data-end=\"831\">Auf dem Bildschirm<\/strong> \u2013 Dein Kunstwerk wird digital auf einem Bildschirm in der Galerie gezeigt \u2013 ideal f\u00fcr digitale Kunst oder internationale K\u00fcnstler:innen, die ihre Werke virtuell pr\u00e4sentieren m\u00f6chten.<br data-start=\"1014\" data-end=\"1017\" \/>? <strong data-start=\"1020\" data-end=\"1040\">Teilnahmegeb\u00fchr:<\/strong> 70 Euro<\/p>\n<hr data-start=\"1052\" data-end=\"1055\" \/>\n<h3 data-start=\"1057\" data-end=\"1084\"><strong data-start=\"1061\" data-end=\"1082\">Warum teilnehmen?<\/strong><\/h3>\n<p data-start=\"1085\" data-end=\"1375\">\u2705 Sei Teil einer internationalen Ausstellung und pr\u00e4sentiere deine Werke in einem professionellen Rahmen.<br data-start=\"1190\" data-end=\"1193\" \/>\u2705 Erreiche ein kunstinteressiertes Publikum \u2013 sowohl lokal als auch \u00fcberregional.<br data-start=\"1274\" data-end=\"1277\" \/>\u2705 Nutze die M\u00f6glichkeit, dein Werk in der Galerie, im urbanen Raum oder digital zu pr\u00e4sentieren.<\/p>\n<hr data-start=\"1377\" data-end=\"1380\" \/>\n<h3 data-start=\"1382\" data-end=\"1401\"><strong data-start=\"1386\" data-end=\"1399\">Bewerbung<\/strong><\/h3>\n<p data-start=\"1402\" data-end=\"1589\">Reiche dein Kunstwerk und alle erforderlichen Informationen ein. Nach der Anmeldung erh\u00e4ltst du weitere Details zum Einreichungsprozess.<\/p>\n<p data-start=\"1591\" data-end=\"1701\">? <strong data-start=\"1594\" data-end=\"1612\">Einreichfrist:<\/strong> <strong data-start=\"1613\" data-end=\"1630\">30. April 2025<\/strong><br data-start=\"1630\" data-end=\"1633\" \/>? <strong data-start=\"1636\" data-end=\"1665\">Sende deine Bewerbung an:<\/strong> <a data-start=\"1666\" data-end=\"1699\" rel=\"noopener\">info@kunst-galerie-waldviertel.at<\/a><\/p>\n<hr data-start=\"1703\" data-end=\"1706\" \/>\n<p data-start=\"1708\" data-end=\"1745\" data-is-last-node=\"\" data-is-only-node=\"\">? <strong data-start=\"1711\" data-end=\"1745\" data-is-last-node=\"\">Mach mit \u2013 SEI TEIL DER KUNST!<\/strong><\/p>\n<p>[\/et_pb_text][\/et_pb_column][\/et_pb_row][\/et_pb_section][et_pb_section fb_built=&#8220;1&#8243; _builder_version=&#8220;4.27.0&#8243; _module_preset=&#8220;default&#8220; custom_padding=&#8220;0px|||||&#8220; global_colors_info=&#8220;{}&#8220;][et_pb_row _builder_version=&#8220;4.27.0&#8243; _module_preset=&#8220;default&#8220; global_colors_info=&#8220;{}&#8220;][et_pb_column type=&#8220;4_4&#8243; _builder_version=&#8220;4.27.0&#8243; _module_preset=&#8220;default&#8220; global_colors_info=&#8220;{}&#8220;][et_pb_cta title=&#8220; Mehr Info&#8217;s und Teilnahmebedingungen                                              &#8220; button_url=&#8220;https:\/\/www.kunst-galerie-waldviertel.at\/wordpress\/wp-content\/uploads\/2025\/03\/Ausstellungskonditionen-2025-1.pdf&#8220; button_text=&#8220;Click Here&#8220; _builder_version=&#8220;4.27.0&#8243; _module_preset=&#8220;default&#8220; global_colors_info=&#8220;{}&#8220;]<\/p>\n<p>More Info &amp; Participation Details<\/p>\n<p>[\/et_pb_cta][\/et_pb_column][\/et_pb_row][\/et_pb_section][et_pb_section fb_built=&#8220;1&#8243; admin_label=&#8220;Footer&#8220; _builder_version=&#8220;4.16&#8243; background_size=&#8220;initial&#8220; background_repeat=&#8220;repeat-y&#8220; custom_padding=&#8220;0px|||||&#8220; saved_tabs=&#8220;all&#8220; locked=&#8220;off&#8220; global_colors_info=&#8220;{}&#8220;][et_pb_row column_structure=&#8220;1_6,1_6,1_6,1_6,1_6,1_6&#8243; use_custom_gutter=&#8220;on&#8220; gutter_width=&#8220;2&#8243; _builder_version=&#8220;4.16&#8243; border_width_top=&#8220;2px&#8220; global_colors_info=&#8220;{}&#8220;][et_pb_column type=&#8220;1_6&#8243; _builder_version=&#8220;4.16&#8243; custom_padding=&#8220;|||&#8220; global_colors_info=&#8220;{}&#8220; custom_padding__hover=&#8220;|||&#8220;][et_pb_text _builder_version=&#8220;4.27.0&#8243; text_font=&#8220;||||||||&#8220; text_font_size=&#8220;12px&#8220; text_line_height=&#8220;2em&#8220; link_font=&#8220;||||on||||&#8220; link_text_color=&#8220;#666666&#8243; header_font=&#8220;||||||||&#8220; header_text_align=&#8220;left&#8220; header_3_font=&#8220;|700||on|||||&#8220; header_3_font_size=&#8220;12px&#8220; header_3_letter_spacing=&#8220;5px&#8220; header_3_line_height=&#8220;1.8em&#8220; max_width_tablet=&#8220;70%&#8220; max_width_last_edited=&#8220;off|phone&#8220; header_3_font_size_tablet=&#8220;&#8220; header_3_font_size_phone=&#8220;&#8220; header_3_font_size_last_edited=&#8220;on|desktop&#8220; locked=&#8220;off&#8220; global_colors_info=&#8220;{}&#8220;]<\/p>\n<h3>Adresse<\/h3>\n<p>Kunst.Galerie.Waldviertel<br \/>Moritz-Schadek-Gasse 23<br \/>3830 Waidhofen an der Thaya<\/p>\n<p>[\/et_pb_text][et_pb_button button_url=&#8220;https:\/\/www.kunst-galerie-waldviertel.at\/wordpress\/ueber-uns\/&#8220; button_text=&#8220;Besuche uns&#8220; _builder_version=&#8220;4.27.0&#8243; custom_button=&#8220;on&#8220; button_text_size=&#8220;14px&#8220; button_text_color=&#8220;#000000&#8243; button_bg_color=&#8220;rgba(0,0,0,0)&#8220; button_border_width=&#8220;0px&#8220; button_border_radius=&#8220;0px&#8220; button_font=&#8220;|700|||||||&#8220; custom_margin_tablet=&#8220;0px|0px||&#8220; custom_margin_phone=&#8220;|0px||&#8220; custom_margin_last_edited=&#8220;off|desktop&#8220; custom_padding=&#8220;6px|0px|6px|0px|true|true&#8220; box_shadow_style=&#8220;preset4&#8243; box_shadow_horizontal=&#8220;0px&#8220; box_shadow_vertical=&#8220;1px&#8220; box_shadow_color=&#8220;#000000&#8243; locked=&#8220;off&#8220; global_colors_info=&#8220;{}&#8220;][\/et_pb_button][\/et_pb_column][et_pb_column type=&#8220;1_6&#8243; _builder_version=&#8220;4.16&#8243; custom_padding=&#8220;|||&#8220; global_colors_info=&#8220;{}&#8220; custom_padding__hover=&#8220;|||&#8220;][et_pb_text _builder_version=&#8220;4.27.0&#8243; text_font=&#8220;||||||||&#8220; text_font_size=&#8220;12px&#8220; text_line_height=&#8220;2em&#8220; link_font=&#8220;||||on||||&#8220; link_text_color=&#8220;#666666&#8243; header_font=&#8220;||||||||&#8220; header_text_align=&#8220;left&#8220; header_3_font=&#8220;|700||on|||||&#8220; header_3_font_size=&#8220;12px&#8220; header_3_letter_spacing=&#8220;5px&#8220; header_3_line_height=&#8220;1.8em&#8220; max_width_tablet=&#8220;70%&#8220; max_width_last_edited=&#8220;off|phone&#8220; header_3_font_size_tablet=&#8220;&#8220; header_3_font_size_phone=&#8220;&#8220; header_3_font_size_last_edited=&#8220;on|desktop&#8220; locked=&#8220;off&#8220; global_colors_info=&#8220;{}&#8220;]<\/p>\n<h3>Ge\u00f6ffnet<\/h3>\n<p>Mittwoch \u2013 Freitag: 15:00 \u2013 19:00 Uhr<br \/>Sonn-Feiertage: Geschlossen<\/p>\n<p>[\/et_pb_text][\/et_pb_column][et_pb_column type=&#8220;1_6&#8243; _builder_version=&#8220;4.27.0&#8243; _module_preset=&#8220;default&#8220; global_colors_info=&#8220;{}&#8220;][\/et_pb_column][et_pb_column type=&#8220;1_6&#8243; _builder_version=&#8220;4.16&#8243; custom_padding=&#8220;|||&#8220; global_colors_info=&#8220;{}&#8220; custom_padding__hover=&#8220;|||&#8220;][et_pb_text _builder_version=&#8220;4.27.0&#8243; text_font=&#8220;||||||||&#8220; text_font_size=&#8220;12px&#8220; text_line_height=&#8220;2em&#8220; link_font=&#8220;||||on||||&#8220; link_text_color=&#8220;#666666&#8243; header_font=&#8220;||||||||&#8220; header_text_align=&#8220;left&#8220; header_2_font=&#8220;||||||||&#8220; header_3_font=&#8220;|700||on|||||&#8220; header_3_font_size=&#8220;12px&#8220; header_3_letter_spacing=&#8220;5px&#8220; header_3_line_height=&#8220;1.8em&#8220; max_width_tablet=&#8220;70%&#8220; max_width_last_edited=&#8220;off|phone&#8220; header_3_font_size_tablet=&#8220;&#8220; header_3_font_size_phone=&#8220;&#8220; header_3_font_size_last_edited=&#8220;on|desktop&#8220; locked=&#8220;off&#8220; global_colors_info=&#8220;{}&#8220;]<\/p>\n<h3>Folge uns<\/h3>\n<p>[\/et_pb_text][et_pb_social_media_follow _builder_version=&#8220;4.27.0&#8243; custom_margin=&#8220;-20px|||-10px&#8220; custom_margin_tablet=&#8220;&#8220; custom_margin_phone=&#8220;-20px||&#8220; custom_margin_last_edited=&#8220;on|desktop&#8220; filter_invert=&#8220;100%&#8220; locked=&#8220;off&#8220; global_colors_info=&#8220;{}&#8220; icon_color__hover=&#8220;#e02b20&#8243;][et_pb_social_media_follow_network social_network=&#8220;facebook&#8220; url=&#8220;https:\/\/www.facebook.com\/p\/KunstGalerieWaldviertel-61560045517522&#8243; _builder_version=&#8220;4.27.0&#8243; global_colors_info=&#8220;{}&#8220; follow_button=&#8220;off&#8220; url_new_window=&#8220;on&#8220;]facebook[\/et_pb_social_media_follow_network][et_pb_social_media_follow_network social_network=&#8220;instagram&#8220; url=&#8220;https:\/\/www.instagram.com\/kunst.galerie.waldviertel\/&#8220; _builder_version=&#8220;4.27.0&#8243; global_colors_info=&#8220;{}&#8220; follow_button=&#8220;off&#8220; url_new_window=&#8220;on&#8220;]instagram[\/et_pb_social_media_follow_network][et_pb_social_media_follow_network social_network=&#8220;tiktok&#8220; url=&#8220;https:\/\/www.tiktok.com\/@kgwaldviertel?_t=8p0LidT5HRA&#038;_r=1&#8243; _builder_version=&#8220;4.27.0&#8243; background_color=&#8220;RGBA(255,255,255,0)&#8220; background_enable_color=&#8220;on&#8220; global_colors_info=&#8220;{}&#8220; follow_button=&#8220;off&#8220; url_new_window=&#8220;on&#8220;]tiktok[\/et_pb_social_media_follow_network][\/et_pb_social_media_follow][\/et_pb_column][et_pb_column type=&#8220;1_6&#8243; _builder_version=&#8220;4.27.0&#8243; _module_preset=&#8220;default&#8220; global_colors_info=&#8220;{}&#8220;][\/et_pb_column][et_pb_column type=&#8220;1_6&#8243; _builder_version=&#8220;4.16&#8243; custom_padding=&#8220;|||&#8220; global_colors_info=&#8220;{}&#8220; custom_padding__hover=&#8220;|||&#8220;][\/et_pb_column][\/et_pb_row][\/et_pb_section]<\/p>\n","protected":false},"excerpt":{"rendered":"<p>ART.W4 \u2013 BE PART OF ARTInternational Call for Artists The Kunst.Galerie.Waldviertel invites artists from all over the world to be part of ART.W4 \u2013 BE PART OF ART! This unique exhibition offers three exciting presentation options to showcase the diversity of visual arts in a special setting. How can you participate? Choose one of three [&hellip;]<\/p>\n","protected":false},"author":1,"featured_media":0,"parent":1484,"menu_order":0,"comment_status":"closed","ping_status":"closed","template":"","meta":{"_et_pb_use_builder":"on","_et_pb_old_content":"","_et_gb_content_width":"","_ti_tpc_template_sync":false,"_ti_tpc_template_id":"","footnotes":""},"class_list":["post-1399","page","type-page","status-publish","hentry"],"_links":{"self":[{"href":"https:\/\/www.kunst-galerie-waldviertel.at\/wordpress\/wp-json\/wp\/v2\/pages\/1399","targetHints":{"allow":["GET"]}}],"collection":[{"href":"https:\/\/www.kunst-galerie-waldviertel.at\/wordpress\/wp-json\/wp\/v2\/pages"}],"about":[{"href":"https:\/\/www.kunst-galerie-waldviertel.at\/wordpress\/wp-json\/wp\/v2\/types\/page"}],"author":[{"embeddable":true,"href":"https:\/\/www.kunst-galerie-waldviertel.at\/wordpress\/wp-json\/wp\/v2\/users\/1"}],"replies":[{"embeddable":true,"href":"https:\/\/www.kunst-galerie-waldviertel.at\/wordpress\/wp-json\/wp\/v2\/comments?post=1399"}],"version-history":[{"count":15,"href":"https:\/\/www.kunst-galerie-waldviertel.at\/wordpress\/wp-json\/wp\/v2\/pages\/1399\/revisions"}],"predecessor-version":[{"id":1524,"href":"https:\/\/www.kunst-galerie-waldviertel.at\/wordpress\/wp-json\/wp\/v2\/pages\/1399\/revisions\/1524"}],"up":[{"embeddable":true,"href":"https:\/\/www.kunst-galerie-waldviertel.at\/wordpress\/wp-json\/wp\/v2\/pages\/1484"}],"wp:attachment":[{"href":"https:\/\/www.kunst-galerie-waldviertel.at\/wordpress\/wp-json\/wp\/v2\/media?parent=1399"}],"curies":[{"name":"wp","href":"https:\/\/api.w.org\/{rel}","templated":true}]}}