{"id":1281,"date":"2025-01-15T14:14:18","date_gmt":"2025-01-15T13:14:18","guid":{"rendered":"https:\/\/www.kunst-galerie-waldviertel.at\/wordpress\/?page_id=1281"},"modified":"2025-01-15T14:59:56","modified_gmt":"2025-01-15T13:59:56","slug":"liyanpin","status":"publish","type":"page","link":"https:\/\/www.kunst-galerie-waldviertel.at\/wordpress\/kuenstler_innen\/liyanpin\/","title":{"rendered":"Li Yan Pin"},"content":{"rendered":"<p>[et_pb_section fb_built=&#8220;1&#8243; custom_padding_last_edited=&#8220;off|desktop&#8220; admin_label=&#8220;Header&#8220; _builder_version=&#8220;4.16&#8243; background_color_gradient_direction=&#8220;188deg&#8220; background_image=&#8220;https:\/\/www.kunst-galerie-waldviertel.at\/wordpress\/wp-content\/uploads\/2024\/08\/art-gallery-55.jpg&#8220; background_size=&#8220;initial&#8220; background_repeat=&#8220;repeat&#8220; width=&#8220;100%&#8220; custom_padding_tablet=&#8220;5vw||5vw||true&#8220; global_colors_info=&#8220;{}&#8220;][et_pb_row column_structure=&#8220;1_2,1_2&#8243; custom_padding_last_edited=&#8220;off|phone&#8220; _builder_version=&#8220;4.16&#8243; background_position=&#8220;bottom_center&#8220; custom_padding_tablet=&#8220;17vw||17vw||false&#8220; use_custom_width=&#8220;on&#8220; width_unit=&#8220;off&#8220; custom_width_percent=&#8220;100%&#8220; locked=&#8220;off&#8220; global_colors_info=&#8220;{}&#8220;][et_pb_column type=&#8220;1_2&#8243; _builder_version=&#8220;4.16&#8243; custom_padding=&#8220;|||&#8220; global_colors_info=&#8220;{}&#8220; custom_padding__hover=&#8220;|||&#8220;][et_pb_text _builder_version=&#8220;4.27.0&#8243; text_font=&#8220;||||||||&#8220; header_font=&#8220;||||||||&#8220; header_2_font=&#8220;Prata|500|||||||&#8220; header_2_text_align=&#8220;left&#8220; header_2_font_size=&#8220;56px&#8220; header_2_line_height=&#8220;1.3em&#8220; header_4_font=&#8220;|700|||||||&#8220; header_4_font_size=&#8220;16px&#8220; header_4_line_height=&#8220;1.2em&#8220; transform_translate_linked=&#8220;off&#8220; max_width=&#8220;700px&#8220; max_width_tablet=&#8220;70%&#8220; max_width_last_edited=&#8220;off|phone&#8220; hover_enabled=&#8220;0&#8243; header_2_font_size_tablet=&#8220;40px&#8220; header_2_font_size_phone=&#8220;26px&#8220; header_2_font_size_last_edited=&#8220;on|desktop&#8220; global_colors_info=&#8220;{}&#8220; sticky_enabled=&#8220;0&#8243;]<\/p>\n<h2>Li Yan Pin<\/h2>\n<p style=\"text-align: justify;\">Geb. 1958 in Shanxi, Provinz Shanxi, Nordchina. Gest. 2003 in Wien. 1983 Diplom f\u00fcr Malerei an der Universit\u00e4t Shanxi, 1983-85 Professor f\u00fcr Malerei an der Universit\u00e4t Lhasa\/Tibet, 1985-86 Grafikstudium an der Kunstakademie Peking, 1986-88 Vizedirektor f\u00fcr Moderne Kunst an der Universit\u00e4t Lhasa\/Tibet, 1989 einj\u00e4hriger Aufenthalt in den USA. Von 1988 bis 2003 lebte Li Yan Pin als freischaffender K\u00fcnstler in Wien.<\/p>\n<p style=\"text-align: justify;\">Ank\u00e4ufe:<\/p>\n<p style=\"text-align: justify;\">Graphische Sammlung Albertina, Wien \u2013 Neue Galerie, Linz \u2013 Metropolitan Museum, New York \u2013 Guggenheim Museum, New York \u2013 National Museum, Belgrad<\/p>\n<p style=\"text-align: justify;\">Ausstellungen u.a. in China, Japan, Tibet, Kanada, USA, Frankreich, Schweiz, Deutschland, \u00d6sterreich<\/p>\n<p style=\"text-align: justify;\"><strong>Anmerkungen zur Tuschemalerei<\/strong><\/p>\n<p style=\"text-align: justify;\">In der chinesischen Malerei gibt es den Begriff \u201cxieyi\u201d, welcher das kalligraphische Darstellen der Wesenheit eines Objektes zum Inhalt hat. Au\u00dfer der kalligraphischen Erfassung der Seele eines Dinges bedeutet dieses Wort auch das Begreifen der Natur und der kosmischen Kr\u00e4fte durch den Maler.<\/p>\n<p style=\"text-align: justify;\">Das kalligraphische Schreiben eines Bildes, die Kunst, mit Pinsel und Tusche jene Prinzipien sichtbar zu machen, die den Mikro- und Makrokosmos bestimmen, wurde im Laufe der Jahrhunderte zum eigentlichen Anliegen, so da\u00df Malerei und Kalligraphie so etwas wie angewandte Philosophie geworden sind. Der inspiriert gef\u00fchrte Strich hat sich zu einem Medium f\u00fcr Botschaften entwickelt, die \u00fcber das hinausgehen, was sich in Abbild oder Worten ausdr\u00fccken l\u00e4\u00dft. Seine Funktion, als Umri\u00dflinie eines Gegenstandes zu dienen, wie wir das in der abendl\u00e4ndischen Bildnerei kennen, tritt demgegen\u00fcber in den Hintergrund (Dr. Friedrich Zettl, STRICH.PUNKT.BILD)<\/p>\n<p style=\"text-align: justify;\">[\/et_pb_text][\/et_pb_column][et_pb_column type=&#8220;1_2&#8243; _builder_version=&#8220;4.27.0&#8243; _module_preset=&#8220;default&#8220; global_colors_info=&#8220;{}&#8220;][et_pb_image src=&#8220;https:\/\/www.kunst-galerie-waldviertel.at\/wordpress\/wp-content\/uploads\/2025\/01\/photo_2025-01-08_14-40-34.jpg&#8220; title_text=&#8220;photo_2025-01-08_14-40-34&#8243; _builder_version=&#8220;4.27.0&#8243; _module_preset=&#8220;default&#8220; global_colors_info=&#8220;{}&#8220;][\/et_pb_image][\/et_pb_column][\/et_pb_row][\/et_pb_section][et_pb_section fb_built=&#8220;1&#8243; _builder_version=&#8220;4.27.0&#8243; _module_preset=&#8220;default&#8220; global_colors_info=&#8220;{}&#8220;][\/et_pb_section][et_pb_section fb_built=&#8220;1&#8243; admin_label=&#8220;Footer&#8220; _builder_version=&#8220;4.16&#8243; background_size=&#8220;initial&#8220; background_repeat=&#8220;repeat-y&#8220; custom_padding=&#8220;0px|||||&#8220; saved_tabs=&#8220;all&#8220; locked=&#8220;off&#8220; global_colors_info=&#8220;{}&#8220;][et_pb_row column_structure=&#8220;1_4,1_4,1_4,1_4&#8243; use_custom_gutter=&#8220;on&#8220; gutter_width=&#8220;2&#8243; _builder_version=&#8220;4.16&#8243; border_width_top=&#8220;2px&#8220; global_colors_info=&#8220;{}&#8220;][et_pb_column type=&#8220;1_4&#8243; _builder_version=&#8220;4.16&#8243; custom_padding=&#8220;|||&#8220; global_colors_info=&#8220;{}&#8220; custom_padding__hover=&#8220;|||&#8220;][et_pb_text _builder_version=&#8220;4.27.0&#8243; text_font=&#8220;||||||||&#8220; text_font_size=&#8220;12px&#8220; text_line_height=&#8220;2em&#8220; link_font=&#8220;||||on||||&#8220; link_text_color=&#8220;#666666&#8243; header_font=&#8220;||||||||&#8220; header_text_align=&#8220;left&#8220; header_3_font=&#8220;|700||on|||||&#8220; header_3_font_size=&#8220;12px&#8220; header_3_letter_spacing=&#8220;5px&#8220; header_3_line_height=&#8220;1.8em&#8220; max_width_tablet=&#8220;70%&#8220; max_width_last_edited=&#8220;off|phone&#8220; header_3_font_size_tablet=&#8220;&#8220; header_3_font_size_phone=&#8220;&#8220; header_3_font_size_last_edited=&#8220;on|desktop&#8220; locked=&#8220;off&#8220; global_colors_info=&#8220;{}&#8220;]<\/p>\n<h3>Adresse<\/h3>\n<p>Kunst.Galerie.Waldviertel<br \/>Moritz-Schadek-Gasse 23<br \/>3830 Waidhofen an der Thaya<\/p>\n<p>[\/et_pb_text][et_pb_button button_url=&#8220;https:\/\/www.kunst-galerie-waldviertel.at\/wordpress\/ueber-uns\/&#8220; button_text=&#8220;Besuche uns&#8220; _builder_version=&#8220;4.27.0&#8243; custom_button=&#8220;on&#8220; button_text_size=&#8220;14px&#8220; button_text_color=&#8220;#000000&#8243; button_bg_color=&#8220;rgba(0,0,0,0)&#8220; button_border_width=&#8220;0px&#8220; button_border_radius=&#8220;0px&#8220; button_font=&#8220;|700|||||||&#8220; custom_margin_tablet=&#8220;0px|0px||&#8220; custom_margin_phone=&#8220;|0px||&#8220; custom_margin_last_edited=&#8220;off|desktop&#8220; custom_padding=&#8220;6px|0px|6px|0px|true|true&#8220; box_shadow_style=&#8220;preset4&#8243; box_shadow_horizontal=&#8220;0px&#8220; box_shadow_vertical=&#8220;1px&#8220; box_shadow_color=&#8220;#000000&#8243; locked=&#8220;off&#8220; global_colors_info=&#8220;{}&#8220;][\/et_pb_button][\/et_pb_column][et_pb_column type=&#8220;1_4&#8243; _builder_version=&#8220;4.16&#8243; custom_padding=&#8220;|||&#8220; global_colors_info=&#8220;{}&#8220; custom_padding__hover=&#8220;|||&#8220;][et_pb_text _builder_version=&#8220;4.27.0&#8243; text_font=&#8220;||||||||&#8220; text_font_size=&#8220;12px&#8220; text_line_height=&#8220;2em&#8220; link_font=&#8220;||||on||||&#8220; link_text_color=&#8220;#666666&#8243; header_font=&#8220;||||||||&#8220; header_text_align=&#8220;left&#8220; header_3_font=&#8220;|700||on|||||&#8220; header_3_font_size=&#8220;12px&#8220; header_3_letter_spacing=&#8220;5px&#8220; header_3_line_height=&#8220;1.8em&#8220; max_width_tablet=&#8220;70%&#8220; max_width_last_edited=&#8220;off|phone&#8220; header_3_font_size_tablet=&#8220;&#8220; header_3_font_size_phone=&#8220;&#8220; header_3_font_size_last_edited=&#8220;on|desktop&#8220; locked=&#8220;off&#8220; global_colors_info=&#8220;{}&#8220;]<\/p>\n<h3>Ge\u00f6ffnet<\/h3>\n<p>Mittwoch \u2013 Freitag: 15:00 \u2013 19:00 Uhr<br \/>Sonn-Feiertage: Geschlossen<\/p>\n<p>[\/et_pb_text][\/et_pb_column][et_pb_column type=&#8220;1_4&#8243; _builder_version=&#8220;4.16&#8243; custom_padding=&#8220;|||&#8220; global_colors_info=&#8220;{}&#8220; custom_padding__hover=&#8220;|||&#8220;][et_pb_text _builder_version=&#8220;4.27.0&#8243; text_font=&#8220;||||||||&#8220; text_font_size=&#8220;12px&#8220; text_line_height=&#8220;2em&#8220; link_font=&#8220;||||on||||&#8220; link_text_color=&#8220;#666666&#8243; header_font=&#8220;||||||||&#8220; header_text_align=&#8220;left&#8220; header_2_font=&#8220;||||||||&#8220; header_3_font=&#8220;|700||on|||||&#8220; header_3_font_size=&#8220;12px&#8220; header_3_letter_spacing=&#8220;5px&#8220; header_3_line_height=&#8220;1.8em&#8220; max_width_tablet=&#8220;70%&#8220; max_width_last_edited=&#8220;off|phone&#8220; header_3_font_size_tablet=&#8220;&#8220; header_3_font_size_phone=&#8220;&#8220; header_3_font_size_last_edited=&#8220;on|desktop&#8220; locked=&#8220;off&#8220; global_colors_info=&#8220;{}&#8220;]<\/p>\n<h3>Folge uns<\/h3>\n<p>[\/et_pb_text][et_pb_social_media_follow _builder_version=&#8220;4.27.0&#8243; custom_margin=&#8220;-20px|||-10px&#8220; custom_margin_tablet=&#8220;&#8220; custom_margin_phone=&#8220;-20px||&#8220; custom_margin_last_edited=&#8220;on|desktop&#8220; filter_invert=&#8220;100%&#8220; locked=&#8220;off&#8220; global_colors_info=&#8220;{}&#8220; icon_color__hover=&#8220;#e02b20&#8243;][et_pb_social_media_follow_network social_network=&#8220;facebook&#8220; url=&#8220;https:\/\/www.facebook.com\/p\/KunstGalerieWaldviertel-61560045517522&#8243; _builder_version=&#8220;4.27.0&#8243; global_colors_info=&#8220;{}&#8220; follow_button=&#8220;off&#8220; url_new_window=&#8220;on&#8220;]facebook[\/et_pb_social_media_follow_network][et_pb_social_media_follow_network social_network=&#8220;instagram&#8220; url=&#8220;https:\/\/www.instagram.com\/kunst.galerie.waldviertel\/&#8220; _builder_version=&#8220;4.27.0&#8243; global_colors_info=&#8220;{}&#8220; follow_button=&#8220;off&#8220; url_new_window=&#8220;on&#8220;]instagram[\/et_pb_social_media_follow_network][et_pb_social_media_follow_network social_network=&#8220;tiktok&#8220; url=&#8220;https:\/\/www.tiktok.com\/@kgwaldviertel?_t=8p0LidT5HRA&#038;_r=1&#8243; _builder_version=&#8220;4.27.0&#8243; background_color=&#8220;RGBA(255,255,255,0)&#8220; background_enable_color=&#8220;on&#8220; global_colors_info=&#8220;{}&#8220; follow_button=&#8220;off&#8220; url_new_window=&#8220;on&#8220;]tiktok[\/et_pb_social_media_follow_network][\/et_pb_social_media_follow][\/et_pb_column][et_pb_column type=&#8220;1_4&#8243; _builder_version=&#8220;4.16&#8243; custom_padding=&#8220;|||&#8220; global_colors_info=&#8220;{}&#8220; custom_padding__hover=&#8220;|||&#8220;][et_pb_text _builder_version=&#8220;4.27.0&#8243; text_font=&#8220;||||||||&#8220; text_font_size=&#8220;12px&#8220; text_line_height=&#8220;2em&#8220; link_font=&#8220;||||on||||&#8220; link_text_color=&#8220;#666666&#8243; header_font=&#8220;||||||||&#8220; header_text_align=&#8220;left&#8220; header_3_font=&#8220;|700||on|||||&#8220; header_3_font_size=&#8220;12px&#8220; header_3_letter_spacing=&#8220;5px&#8220; header_3_line_height=&#8220;1.8em&#8220; max_width_tablet=&#8220;70%&#8220; max_width_last_edited=&#8220;off|phone&#8220; custom_padding=&#8220;||4px|||&#8220; header_3_font_size_tablet=&#8220;&#8220; header_3_font_size_phone=&#8220;&#8220; header_3_font_size_last_edited=&#8220;on|desktop&#8220; locked=&#8220;off&#8220; global_colors_info=&#8220;{}&#8220;]<\/p>\n<h3>Newsletter<\/h3>\n<p>[\/et_pb_text][et_pb_signup provider=&#8220;sendinblue&#8220; sendinblue_list=&#8220;add_new_account&#8220; first_name_field=&#8220;off&#8220; last_name_field=&#8220;off&#8220; button_text=&#8220;Newsletter anmelden&#8220; _builder_version=&#8220;4.27.0&#8243; form_field_background_color=&#8220;#f3f3f4&#8243; form_field_custom_padding=&#8220;12px||12px||true&#8220; header_font=&#8220;|||on|||||&#8220; header_font_size=&#8220;14px&#8220; header_letter_spacing=&#8220;5px&#8220; header_line_height=&#8220;1.8em&#8220; form_field_font=&#8220;||||||||&#8220; form_field_font_size=&#8220;14px&#8220; use_background_color=&#8220;off&#8220; custom_button=&#8220;on&#8220; button_text_size=&#8220;14px&#8220; button_text_color=&#8220;#ffffff&#8220; button_bg_color=&#8220;#000000&#8243; button_border_width=&#8220;0px&#8220; button_border_radius=&#8220;0px&#8220; button_font=&#8220;|700|||||||&#8220; button_custom_padding=&#8220;12px||12px||true&#8220; background_layout=&#8220;light&#8220; min_height=&#8220;140px&#8220; custom_margin=&#8220;-39px||&#8220; border_radii_fields=&#8220;on|0px|0px|0px|0px&#8220; locked=&#8220;off&#8220; global_colors_info=&#8220;{}&#8220;][\/et_pb_signup][\/et_pb_column][\/et_pb_row][\/et_pb_section]<\/p>\n","protected":false},"excerpt":{"rendered":"<p>Li Yan Pin Geb. 1958 in Shanxi, Provinz Shanxi, Nordchina. Gest. 2003 in Wien. 1983 Diplom f\u00fcr Malerei an der Universit\u00e4t Shanxi, 1983-85 Professor f\u00fcr Malerei an der Universit\u00e4t Lhasa\/Tibet, 1985-86 Grafikstudium an der Kunstakademie Peking, 1986-88 Vizedirektor f\u00fcr Moderne Kunst an der Universit\u00e4t Lhasa\/Tibet, 1989 einj\u00e4hriger Aufenthalt in den USA. Von 1988 bis 2003 [&hellip;]<\/p>\n","protected":false},"author":1,"featured_media":0,"parent":161,"menu_order":0,"comment_status":"closed","ping_status":"closed","template":"","meta":{"_et_pb_use_builder":"on","_et_pb_old_content":"","_et_gb_content_width":"","_ti_tpc_template_sync":false,"_ti_tpc_template_id":"","footnotes":""},"class_list":["post-1281","page","type-page","status-publish","hentry"],"_links":{"self":[{"href":"https:\/\/www.kunst-galerie-waldviertel.at\/wordpress\/wp-json\/wp\/v2\/pages\/1281","targetHints":{"allow":["GET"]}}],"collection":[{"href":"https:\/\/www.kunst-galerie-waldviertel.at\/wordpress\/wp-json\/wp\/v2\/pages"}],"about":[{"href":"https:\/\/www.kunst-galerie-waldviertel.at\/wordpress\/wp-json\/wp\/v2\/types\/page"}],"author":[{"embeddable":true,"href":"https:\/\/www.kunst-galerie-waldviertel.at\/wordpress\/wp-json\/wp\/v2\/users\/1"}],"replies":[{"embeddable":true,"href":"https:\/\/www.kunst-galerie-waldviertel.at\/wordpress\/wp-json\/wp\/v2\/comments?post=1281"}],"version-history":[{"count":3,"href":"https:\/\/www.kunst-galerie-waldviertel.at\/wordpress\/wp-json\/wp\/v2\/pages\/1281\/revisions"}],"predecessor-version":[{"id":1315,"href":"https:\/\/www.kunst-galerie-waldviertel.at\/wordpress\/wp-json\/wp\/v2\/pages\/1281\/revisions\/1315"}],"up":[{"embeddable":true,"href":"https:\/\/www.kunst-galerie-waldviertel.at\/wordpress\/wp-json\/wp\/v2\/pages\/161"}],"wp:attachment":[{"href":"https:\/\/www.kunst-galerie-waldviertel.at\/wordpress\/wp-json\/wp\/v2\/media?parent=1281"}],"curies":[{"name":"wp","href":"https:\/\/api.w.org\/{rel}","templated":true}]}}