{"id":1268,"date":"2025-01-15T13:57:38","date_gmt":"2025-01-15T12:57:38","guid":{"rendered":"https:\/\/www.kunst-galerie-waldviertel.at\/wordpress\/?page_id=1268"},"modified":"2025-01-15T14:11:00","modified_gmt":"2025-01-15T13:11:00","slug":"angelikakreilinger","status":"publish","type":"page","link":"https:\/\/www.kunst-galerie-waldviertel.at\/wordpress\/kuenstler_innen\/angelikakreilinger\/","title":{"rendered":"Angelika Kreilinger"},"content":{"rendered":"<p>[et_pb_section fb_built=&#8220;1&#8243; custom_padding_last_edited=&#8220;off|desktop&#8220; admin_label=&#8220;Header&#8220; _builder_version=&#8220;4.16&#8243; background_color_gradient_direction=&#8220;188deg&#8220; background_image=&#8220;https:\/\/www.kunst-galerie-waldviertel.at\/wordpress\/wp-content\/uploads\/2024\/08\/art-gallery-55.jpg&#8220; background_size=&#8220;initial&#8220; background_repeat=&#8220;repeat&#8220; width=&#8220;100%&#8220; custom_padding_tablet=&#8220;5vw||5vw||true&#8220; global_colors_info=&#8220;{}&#8220;][et_pb_row column_structure=&#8220;1_2,1_2&#8243; custom_padding_last_edited=&#8220;off|phone&#8220; _builder_version=&#8220;4.16&#8243; background_position=&#8220;bottom_center&#8220; custom_padding_tablet=&#8220;17vw||17vw||false&#8220; use_custom_width=&#8220;on&#8220; width_unit=&#8220;off&#8220; custom_width_percent=&#8220;100%&#8220; locked=&#8220;off&#8220; global_colors_info=&#8220;{}&#8220;][et_pb_column type=&#8220;1_2&#8243; _builder_version=&#8220;4.16&#8243; custom_padding=&#8220;|||&#8220; global_colors_info=&#8220;{}&#8220; custom_padding__hover=&#8220;|||&#8220;][et_pb_text _builder_version=&#8220;4.27.0&#8243; text_font=&#8220;||||||||&#8220; header_font=&#8220;||||||||&#8220; header_2_font=&#8220;Prata|500|||||||&#8220; header_2_text_align=&#8220;left&#8220; header_2_font_size=&#8220;56px&#8220; header_2_line_height=&#8220;1.3em&#8220; header_4_font=&#8220;|700|||||||&#8220; header_4_font_size=&#8220;16px&#8220; header_4_line_height=&#8220;1.2em&#8220; transform_translate_linked=&#8220;off&#8220; max_width=&#8220;700px&#8220; max_width_tablet=&#8220;70%&#8220; max_width_last_edited=&#8220;off|phone&#8220; hover_enabled=&#8220;0&#8243; header_2_font_size_tablet=&#8220;40px&#8220; header_2_font_size_phone=&#8220;26px&#8220; header_2_font_size_last_edited=&#8220;on|desktop&#8220; global_colors_info=&#8220;{}&#8220; sticky_enabled=&#8220;0&#8243;]<\/p>\n<h2>Angelika Kreilinger<\/h2>\n<p style=\"text-align: justify;\">Die architektonisch verschieden gepr\u00e4gten Landschaftsbilder \u00fcben seit jeher eine Faszination auf mich aus, seien es b\u00e4uerlich gepr\u00e4gte Landschaften, die einen weiten Blick \u00fcber eben geerntete Felder erlauben oder seien es Stadtansichten mit besonderem Augenmerk auf Dachlandschaften, Hinterh\u00f6fe, schlichte Hausfassaden. Die Bildausschnitte, die ich zuerst mit der Kamera einfange, stellen die Sujets meiner graphischen Arbeiten dar.<br \/>Meine Motive finde ich beim Durchstreifen der Stadtviertel und D\u00f6rfer im Augenblick. Wie das Fenster, das den Blick auf einen Innenhof freigibt oder das eternitverkleidete Haus im Dorfverband. Es ist immer wieder ein magischer Moment, der mich den Ausl\u00f6ser dr\u00fccken l\u00e4sst. Das f\u00fcr mich stimmige, fotografisch festgehalten, ist mein Ausgangsmaterial. Die Sch\u00f6nheit der vermeintlichen Tristesse von Stra\u00dfend\u00f6rfern oder Hinterh\u00f6fen er\u00f6ffnet sich im herausgel\u00f6sten Bildelement. Der \u00f6de Mauerverband oder Pflasterpflanzen, die sich vor einer Gartenmauer dem Licht entgegenstrecken, bekommen so eine (andere) Bedeutung. Diese unscheinbare Anmut ist meine Muse, vielgestaltig kommt sie daher und inspiriert mich immer wieder k\u00fcnstlerisch mit ihrer Ambivalenz und besticht durch ihre verg\u00e4nglichen Formen, wie ein Baum, der mit seinen Schatten fl\u00fcchtige Muster auf das dahinterliegende Haus wirft.<\/p>\n<p style=\"text-align: justify;\">Die Kunst liegt f\u00fcr mich darin, die \u00c4sthetik des Einfachen bildlich festzuhalten. Die scheinbare Diskrepanz zwischen Natur und Architektur wird sich erst durch die k\u00fcnstlerische Umsetzung zu einer Symbiose. Der Bildinhalt, die schlichte Fassade mit kahlem Baum davor, wird zu einem harmonischen Ensemble. Die vielen Linien, die sich vom Auge unbemerkt in Form von Dachkanten, Traufverb\u00e4nden oder Gesimsen durch den verbauten Raum ziehen, die Linien der spitzen Satteld\u00e4cher, der Grundst\u00fccksmauern oder der Z\u00e4une d\u00f6rflicher Gegenden faszinieren mich durch ihre Ausgewogenheit. Manchmal treffen diese Linien aufeinander, werden zu R\u00e4ndern oder enden in Fl\u00e4chen. Fl\u00e4chen, wie weite Felder oder Mauern.<\/p>\n<p style=\"text-align: justify;\">Eine wichtige Intension f\u00fcr mein Schaffen ist auch meine Liebe zur einfachen Baukultur. Einige meiner Vorlagen sind nicht mehr existent, diesen mittlerweile abgerissenen Geb\u00e4uden habe ich mit meiner Arbeit ein Denkmal gesetzt.<\/p>\n<p style=\"text-align: justify;\">Althergebrachte Arbeitsweisen, wie Zeichnung, Siebdruck, Holzschnitt oder Radierung sind meine Kunsttechniken. Und hier ist es vor allem die Radierung, die es mir erlaubt, so genau wie m\u00f6glich jedes Detail meiner Motive festzuhalten (Angelika Kreilinger).<\/p>\n<p>[\/et_pb_text][\/et_pb_column][et_pb_column type=&#8220;1_2&#8243; _builder_version=&#8220;4.27.0&#8243; _module_preset=&#8220;default&#8220; global_colors_info=&#8220;{}&#8220;][et_pb_image src=&#8220;https:\/\/www.kunst-galerie-waldviertel.at\/wordpress\/wp-content\/uploads\/2025\/01\/Druck.jpg&#8220; title_text=&#8220;Design ohne Titel &#8211; 4&#8243; _builder_version=&#8220;4.27.0&#8243; _module_preset=&#8220;default&#8220; global_colors_info=&#8220;{}&#8220;][\/et_pb_image][\/et_pb_column][\/et_pb_row][\/et_pb_section][et_pb_section fb_built=&#8220;1&#8243; admin_label=&#8220;Footer&#8220; _builder_version=&#8220;4.16&#8243; background_size=&#8220;initial&#8220; background_repeat=&#8220;repeat-y&#8220; custom_padding=&#8220;0px|||||&#8220; saved_tabs=&#8220;all&#8220; locked=&#8220;off&#8220; global_colors_info=&#8220;{}&#8220;][et_pb_row column_structure=&#8220;1_4,1_4,1_4,1_4&#8243; use_custom_gutter=&#8220;on&#8220; gutter_width=&#8220;2&#8243; _builder_version=&#8220;4.16&#8243; border_width_top=&#8220;2px&#8220; global_colors_info=&#8220;{}&#8220;][et_pb_column type=&#8220;1_4&#8243; _builder_version=&#8220;4.16&#8243; custom_padding=&#8220;|||&#8220; global_colors_info=&#8220;{}&#8220; custom_padding__hover=&#8220;|||&#8220;][et_pb_text _builder_version=&#8220;4.27.0&#8243; text_font=&#8220;||||||||&#8220; text_font_size=&#8220;12px&#8220; text_line_height=&#8220;2em&#8220; link_font=&#8220;||||on||||&#8220; link_text_color=&#8220;#666666&#8243; header_font=&#8220;||||||||&#8220; header_text_align=&#8220;left&#8220; header_3_font=&#8220;|700||on|||||&#8220; header_3_font_size=&#8220;12px&#8220; header_3_letter_spacing=&#8220;5px&#8220; header_3_line_height=&#8220;1.8em&#8220; max_width_tablet=&#8220;70%&#8220; max_width_last_edited=&#8220;off|phone&#8220; header_3_font_size_tablet=&#8220;&#8220; header_3_font_size_phone=&#8220;&#8220; header_3_font_size_last_edited=&#8220;on|desktop&#8220; locked=&#8220;off&#8220; global_colors_info=&#8220;{}&#8220;]<\/p>\n<h3>Adresse<\/h3>\n<p>Kunst.Galerie.Waldviertel<br \/>Moritz-Schadek-Gasse 23<br \/>3830 Waidhofen an der Thaya<\/p>\n<p>[\/et_pb_text][et_pb_button button_url=&#8220;https:\/\/www.kunst-galerie-waldviertel.at\/wordpress\/ueber-uns\/&#8220; button_text=&#8220;Besuche uns&#8220; _builder_version=&#8220;4.27.0&#8243; custom_button=&#8220;on&#8220; button_text_size=&#8220;14px&#8220; button_text_color=&#8220;#000000&#8243; button_bg_color=&#8220;rgba(0,0,0,0)&#8220; button_border_width=&#8220;0px&#8220; button_border_radius=&#8220;0px&#8220; button_font=&#8220;|700|||||||&#8220; custom_margin_tablet=&#8220;0px|0px||&#8220; custom_margin_phone=&#8220;|0px||&#8220; custom_margin_last_edited=&#8220;off|desktop&#8220; custom_padding=&#8220;6px|0px|6px|0px|true|true&#8220; box_shadow_style=&#8220;preset4&#8243; box_shadow_horizontal=&#8220;0px&#8220; box_shadow_vertical=&#8220;1px&#8220; box_shadow_color=&#8220;#000000&#8243; locked=&#8220;off&#8220; global_colors_info=&#8220;{}&#8220;][\/et_pb_button][\/et_pb_column][et_pb_column type=&#8220;1_4&#8243; _builder_version=&#8220;4.16&#8243; custom_padding=&#8220;|||&#8220; global_colors_info=&#8220;{}&#8220; custom_padding__hover=&#8220;|||&#8220;][et_pb_text _builder_version=&#8220;4.27.0&#8243; text_font=&#8220;||||||||&#8220; text_font_size=&#8220;12px&#8220; text_line_height=&#8220;2em&#8220; link_font=&#8220;||||on||||&#8220; link_text_color=&#8220;#666666&#8243; header_font=&#8220;||||||||&#8220; header_text_align=&#8220;left&#8220; header_3_font=&#8220;|700||on|||||&#8220; header_3_font_size=&#8220;12px&#8220; header_3_letter_spacing=&#8220;5px&#8220; header_3_line_height=&#8220;1.8em&#8220; max_width_tablet=&#8220;70%&#8220; max_width_last_edited=&#8220;off|phone&#8220; header_3_font_size_tablet=&#8220;&#8220; header_3_font_size_phone=&#8220;&#8220; header_3_font_size_last_edited=&#8220;on|desktop&#8220; locked=&#8220;off&#8220; global_colors_info=&#8220;{}&#8220;]<\/p>\n<h3>Ge\u00f6ffnet<\/h3>\n<p>Mittwoch \u2013 Freitag: 15:00 \u2013 19:00 Uhr<br \/>Sonn-Feiertage: Geschlossen<\/p>\n<p>[\/et_pb_text][\/et_pb_column][et_pb_column type=&#8220;1_4&#8243; _builder_version=&#8220;4.16&#8243; custom_padding=&#8220;|||&#8220; global_colors_info=&#8220;{}&#8220; custom_padding__hover=&#8220;|||&#8220;][et_pb_text _builder_version=&#8220;4.27.0&#8243; text_font=&#8220;||||||||&#8220; text_font_size=&#8220;12px&#8220; text_line_height=&#8220;2em&#8220; link_font=&#8220;||||on||||&#8220; link_text_color=&#8220;#666666&#8243; header_font=&#8220;||||||||&#8220; header_text_align=&#8220;left&#8220; header_2_font=&#8220;||||||||&#8220; header_3_font=&#8220;|700||on|||||&#8220; header_3_font_size=&#8220;12px&#8220; header_3_letter_spacing=&#8220;5px&#8220; header_3_line_height=&#8220;1.8em&#8220; max_width_tablet=&#8220;70%&#8220; max_width_last_edited=&#8220;off|phone&#8220; header_3_font_size_tablet=&#8220;&#8220; header_3_font_size_phone=&#8220;&#8220; header_3_font_size_last_edited=&#8220;on|desktop&#8220; locked=&#8220;off&#8220; global_colors_info=&#8220;{}&#8220;]<\/p>\n<h3>Folge uns<\/h3>\n<p>[\/et_pb_text][et_pb_social_media_follow _builder_version=&#8220;4.27.0&#8243; custom_margin=&#8220;-20px|||-10px&#8220; custom_margin_tablet=&#8220;&#8220; custom_margin_phone=&#8220;-20px||&#8220; custom_margin_last_edited=&#8220;on|desktop&#8220; filter_invert=&#8220;100%&#8220; locked=&#8220;off&#8220; global_colors_info=&#8220;{}&#8220; icon_color__hover=&#8220;#e02b20&#8243;][et_pb_social_media_follow_network social_network=&#8220;facebook&#8220; url=&#8220;https:\/\/www.facebook.com\/p\/KunstGalerieWaldviertel-61560045517522&#8243; _builder_version=&#8220;4.27.0&#8243; global_colors_info=&#8220;{}&#8220; follow_button=&#8220;off&#8220; url_new_window=&#8220;on&#8220;]facebook[\/et_pb_social_media_follow_network][et_pb_social_media_follow_network social_network=&#8220;instagram&#8220; url=&#8220;https:\/\/www.instagram.com\/kunst.galerie.waldviertel\/&#8220; _builder_version=&#8220;4.27.0&#8243; global_colors_info=&#8220;{}&#8220; follow_button=&#8220;off&#8220; url_new_window=&#8220;on&#8220;]instagram[\/et_pb_social_media_follow_network][et_pb_social_media_follow_network social_network=&#8220;tiktok&#8220; url=&#8220;https:\/\/www.tiktok.com\/@kgwaldviertel?_t=8p0LidT5HRA&#038;_r=1&#8243; _builder_version=&#8220;4.27.0&#8243; background_color=&#8220;RGBA(255,255,255,0)&#8220; background_enable_color=&#8220;on&#8220; global_colors_info=&#8220;{}&#8220; follow_button=&#8220;off&#8220; url_new_window=&#8220;on&#8220;]tiktok[\/et_pb_social_media_follow_network][\/et_pb_social_media_follow][\/et_pb_column][et_pb_column type=&#8220;1_4&#8243; _builder_version=&#8220;4.16&#8243; custom_padding=&#8220;|||&#8220; global_colors_info=&#8220;{}&#8220; custom_padding__hover=&#8220;|||&#8220;][et_pb_text _builder_version=&#8220;4.27.0&#8243; text_font=&#8220;||||||||&#8220; text_font_size=&#8220;12px&#8220; text_line_height=&#8220;2em&#8220; link_font=&#8220;||||on||||&#8220; link_text_color=&#8220;#666666&#8243; header_font=&#8220;||||||||&#8220; header_text_align=&#8220;left&#8220; header_3_font=&#8220;|700||on|||||&#8220; header_3_font_size=&#8220;12px&#8220; header_3_letter_spacing=&#8220;5px&#8220; header_3_line_height=&#8220;1.8em&#8220; max_width_tablet=&#8220;70%&#8220; max_width_last_edited=&#8220;off|phone&#8220; custom_padding=&#8220;||4px|||&#8220; header_3_font_size_tablet=&#8220;&#8220; header_3_font_size_phone=&#8220;&#8220; header_3_font_size_last_edited=&#8220;on|desktop&#8220; locked=&#8220;off&#8220; global_colors_info=&#8220;{}&#8220;]<\/p>\n<h3>Newsletter<\/h3>\n<p>[\/et_pb_text][et_pb_signup provider=&#8220;sendinblue&#8220; sendinblue_list=&#8220;add_new_account&#8220; first_name_field=&#8220;off&#8220; last_name_field=&#8220;off&#8220; button_text=&#8220;Newsletter anmelden&#8220; _builder_version=&#8220;4.27.0&#8243; form_field_background_color=&#8220;#f3f3f4&#8243; form_field_custom_padding=&#8220;12px||12px||true&#8220; header_font=&#8220;|||on|||||&#8220; header_font_size=&#8220;14px&#8220; header_letter_spacing=&#8220;5px&#8220; header_line_height=&#8220;1.8em&#8220; form_field_font=&#8220;||||||||&#8220; form_field_font_size=&#8220;14px&#8220; use_background_color=&#8220;off&#8220; custom_button=&#8220;on&#8220; button_text_size=&#8220;14px&#8220; button_text_color=&#8220;#ffffff&#8220; button_bg_color=&#8220;#000000&#8243; button_border_width=&#8220;0px&#8220; button_border_radius=&#8220;0px&#8220; button_font=&#8220;|700|||||||&#8220; button_custom_padding=&#8220;12px||12px||true&#8220; background_layout=&#8220;light&#8220; min_height=&#8220;140px&#8220; custom_margin=&#8220;-39px||&#8220; border_radii_fields=&#8220;on|0px|0px|0px|0px&#8220; locked=&#8220;off&#8220; global_colors_info=&#8220;{}&#8220;][\/et_pb_signup][\/et_pb_column][\/et_pb_row][\/et_pb_section]<\/p>\n","protected":false},"excerpt":{"rendered":"<p>Angelika Kreilinger Die architektonisch verschieden gepr\u00e4gten Landschaftsbilder \u00fcben seit jeher eine Faszination auf mich aus, seien es b\u00e4uerlich gepr\u00e4gte Landschaften, die einen weiten Blick \u00fcber eben geerntete Felder erlauben oder seien es Stadtansichten mit besonderem Augenmerk auf Dachlandschaften, Hinterh\u00f6fe, schlichte Hausfassaden. Die Bildausschnitte, die ich zuerst mit der Kamera einfange, stellen die Sujets meiner graphischen [&hellip;]<\/p>\n","protected":false},"author":1,"featured_media":0,"parent":161,"menu_order":0,"comment_status":"closed","ping_status":"closed","template":"","meta":{"_et_pb_use_builder":"on","_et_pb_old_content":"","_et_gb_content_width":"","_ti_tpc_template_sync":false,"_ti_tpc_template_id":"","footnotes":""},"class_list":["post-1268","page","type-page","status-publish","hentry"],"_links":{"self":[{"href":"https:\/\/www.kunst-galerie-waldviertel.at\/wordpress\/wp-json\/wp\/v2\/pages\/1268","targetHints":{"allow":["GET"]}}],"collection":[{"href":"https:\/\/www.kunst-galerie-waldviertel.at\/wordpress\/wp-json\/wp\/v2\/pages"}],"about":[{"href":"https:\/\/www.kunst-galerie-waldviertel.at\/wordpress\/wp-json\/wp\/v2\/types\/page"}],"author":[{"embeddable":true,"href":"https:\/\/www.kunst-galerie-waldviertel.at\/wordpress\/wp-json\/wp\/v2\/users\/1"}],"replies":[{"embeddable":true,"href":"https:\/\/www.kunst-galerie-waldviertel.at\/wordpress\/wp-json\/wp\/v2\/comments?post=1268"}],"version-history":[{"count":4,"href":"https:\/\/www.kunst-galerie-waldviertel.at\/wordpress\/wp-json\/wp\/v2\/pages\/1268\/revisions"}],"predecessor-version":[{"id":1280,"href":"https:\/\/www.kunst-galerie-waldviertel.at\/wordpress\/wp-json\/wp\/v2\/pages\/1268\/revisions\/1280"}],"up":[{"embeddable":true,"href":"https:\/\/www.kunst-galerie-waldviertel.at\/wordpress\/wp-json\/wp\/v2\/pages\/161"}],"wp:attachment":[{"href":"https:\/\/www.kunst-galerie-waldviertel.at\/wordpress\/wp-json\/wp\/v2\/media?parent=1268"}],"curies":[{"name":"wp","href":"https:\/\/api.w.org\/{rel}","templated":true}]}}